{"id":8277,"date":"2016-02-27T12:05:11","date_gmt":"2016-02-27T12:05:11","guid":{"rendered":"http:\/\/democontent.codex-themes.com\/thegem\/?page_id=8277"},"modified":"2026-02-02T10:28:39","modified_gmt":"2026-02-02T09:28:39","slug":"osnovni-podaci","status":"publish","type":"page","link":"https:\/\/www.vupik.hr\/?page_id=8277","title":{"rendered":"Osnovni podaci"},"content":{"rendered":"<p>[vc_row][vc_column css=&#8221;.vc_custom_1553847103805{margin-top: -13px !important;}&#8221; offset=&#8221;vc_col-lg-12 vc_col-md-12&#8243;][vc_row_inner][vc_column_inner width=&#8221;1\/4&#8243; css=&#8221;.vc_custom_1456648042128{padding-right: 0px !important;}&#8221; offset=&#8221;vc_hidden-md vc_hidden-sm vc_hidden-xs&#8221;]<div class=\"clearboth\"><\/div><div class=\"gem-divider \" style=\"margin-top: 23px;\"><\/div>[vc_separator color=&#8221;custom&#8221; style=&#8221;double&#8221; border_width=&#8221;2&#8243; accent_color=&#8221;#056839&#8243;][\/vc_column_inner][vc_column_inner width=&#8221;1\/2&#8243;][vc_column_text]<\/p>\n<div class=\"title-h2\" style=\"text-align: center;\"><span class=\"light\">O<\/span> nama<\/div>\n<p>[\/vc_column_text][\/vc_column_inner][vc_column_inner width=&#8221;1\/4&#8243; css=&#8221;.vc_custom_1456648092629{padding-left: 0px !important;}&#8221; offset=&#8221;vc_hidden-md vc_hidden-sm vc_hidden-xs&#8221;]<div class=\"clearboth\"><\/div><div class=\"gem-divider \" style=\"margin-top: 23px;\"><\/div>[vc_separator color=&#8221;custom&#8221; style=&#8221;double&#8221; border_width=&#8221;2&#8243; accent_color=&#8221;#056839&#8243;][\/vc_column_inner][\/vc_row_inner][vc_row_inner css=&#8221;.vc_custom_1461313035205{margin-top: 39px !important;}&#8221;][vc_column_inner width=&#8221;1\/3&#8243;][vc_column_text]Vupik sa sjedi\u0161tem u Vukovaru poljoprivrednom proizvodnjom se bavi vi\u0161e od 70 godina. Po\u010deci Vupika se\u017eu u 1945. godinu, a osnovan je s ciljem proizvodnje na podru\u010dju grada Vukovara i okolnih mjesta.[\/vc_column_text][\/vc_column_inner][vc_column_inner width=&#8221;1\/3&#8243;][vc_column_text]Dugogodi\u0161nja tradicija poslovanja odlikuje se prepoznatljivom i vrhunskom proizvodnjom koja je rezultat stru\u010dnosti i posve\u0107enosti radu, ali i konstantnog razvoja i unapre\u0111enja proizvodnje.[\/vc_column_text][\/vc_column_inner][vc_column_inner width=&#8221;1\/3&#8243;][vc_column_text]Vupik djeluje kroz 5 proizvodnih cjelina: ratarstvo i povrtlarstvo, svinjogojstvo, govedarstvo, vinogradarstvo i vinarstvo te pretovarna luka.[\/vc_column_text][\/vc_column_inner][\/vc_row_inner]<div class=\"clearboth\"><\/div><div class=\"gem-divider \" style=\"margin-bottom: 35px;\"><\/div>[vc_row_inner][vc_column_inner width=&#8221;1\/4&#8243; css=&#8221;.vc_custom_1456648042128{padding-right: 0px !important;}&#8221; offset=&#8221;vc_hidden-md vc_hidden-sm vc_hidden-xs&#8221;]<div class=\"clearboth\"><\/div><div class=\"gem-divider \" style=\"margin-top: 23px;\"><\/div>[vc_separator color=&#8221;custom&#8221; style=&#8221;double&#8221; border_width=&#8221;2&#8243; accent_color=&#8221;#056839&#8243;][\/vc_column_inner][vc_column_inner width=&#8221;1\/2&#8243;][vc_column_text]<\/p>\n<div class=\"title-h2\" style=\"text-align: center;\"><span class=\"light\">Osnovni<\/span> podaci<\/div>\n<p>[\/vc_column_text][\/vc_column_inner][vc_column_inner width=&#8221;1\/4&#8243; css=&#8221;.vc_custom_1456648092629{padding-left: 0px !important;}&#8221; offset=&#8221;vc_hidden-md vc_hidden-sm vc_hidden-xs&#8221;]<div class=\"clearboth\"><\/div><div class=\"gem-divider \" style=\"margin-top: 23px;\"><\/div>[vc_separator color=&#8221;custom&#8221; style=&#8221;double&#8221; border_width=&#8221;2&#8243; accent_color=&#8221;#056839&#8243;][\/vc_column_inner][\/vc_row_inner][vc_row_inner][vc_column_inner width=&#8221;1\/2&#8243;]<div class=\"gem-list gem-list-type-square\" ><ul>\n<li>Naziv dru\u0161tva: VUPIK plus d.o.o.<\/li>\n<li>Adresa sjedi\u0161ta dru\u0161tva: Sajmi\u0161te 113\/C, 32000 VUKOVAR<\/li>\n<li>Pravni oblik: Dru\u0161tvo s ograni\u010denom odgovorno\u0161\u0107u<\/li>\n<li>Zastupnik dru\u0161tva:<\/li>\n<\/ul>\n<p style=\"padding-left: 40px;\">Bruno Juri\u0107, Predsjednik Uprave<\/p>\n<p style=\"text-align: left; padding-left: 40px;\">Marko Gladovi\u0107, \u010clan Uprave<\/p>\n<ul>\n<li>Predsjednik nadzornog odbora : Davor Doko<\/li>\n<\/ul>\n<\/div>[\/vc_column_inner][vc_column_inner width=&#8221;1\/2&#8243;]<div class=\"gem-list gem-list-type-square\" ><ul>\n<li>OIB: 81523019624<\/li>\n<li>Mati\u010dni broj poslovnog subjekta: 4938968<\/li>\n<li>Mati\u010dni broj subjekta (MBS): 081180426<\/li>\n<li>Temeljni kapital dru\u0161tva: 59.740.050,00 euro &#8211; upla\u0107en u cijelosti<\/li>\n<\/ul>\n<\/div>[\/vc_column_inner][\/vc_row_inner]<div class=\"gem-list gem-list-type-square\" ><p>\u017diro ra\u010duni:<\/p>\n<ul>\n<li>HR3623600001102710951 &#8211; Zagreba\u010dka banka d.d. Trg bana Josipa Jela\u010di\u0107a 10, 10000 Zagreb<\/li>\n<li>HR9024020061100912906 \u2013 Erste banka d.d. Jadranski trg 3A, 51000 Rijeka<\/li>\n<\/ul>\n<\/div><div class=\"clearboth\"><\/div><div class=\"gem-divider \" style=\"margin-bottom: 40px;\"><\/div>[\/vc_column][\/vc_row]<\/p>\n","protected":false},"excerpt":{"rendered":"<p>[vc_row][vc_column css=&#8221;.vc_custom_1553847103805{margin-top: -13px !important;}&#8221; offset=&#8221;vc_col-lg-12 vc_col-md-12&#8243;][vc_row_inner][vc_column_inner width=&#8221;1\/4&#8243; css=&#8221;.vc_custom_1456648042128{padding-right: 0px !important;}&#8221; offset=&#8221;vc_hidden-md vc_hidden-sm vc_hidden-xs&#8221;][vc_separator color=&#8221;custom&#8221; style=&#8221;double&#8221; border_width=&#8221;2&#8243; accent_color=&#8221;#056839&#8243;][\/vc_column_inner][vc_column_inner width=&#8221;1\/2&#8243;][vc_column_text] O nama [\/vc_column_text][\/vc_column_inner][vc_column_inner width=&#8221;1\/4&#8243; css=&#8221;.vc_custom_1456648092629{padding-left: 0px !important;}&#8221; offset=&#8221;vc_hidden-md vc_hidden-sm vc_hidden-xs&#8221;][vc_separator color=&#8221;custom&#8221; style=&#8221;double&#8221; border_width=&#8221;2&#8243; accent_color=&#8221;#056839&#8243;][\/vc_column_inner][\/vc_row_inner][vc_row_inner css=&#8221;.vc_custom_1461313035205{margin-top: 39px !important;}&#8221;][vc_column_inner width=&#8221;1\/3&#8243;][vc_column_text]Vupik sa sjedi\u0161tem u Vukovaru&#8230;<\/p>\n","protected":false},"author":1,"featured_media":0,"parent":0,"menu_order":0,"comment_status":"closed","ping_status":"closed","template":"","meta":{"footnotes":""},"class_list":["post-8277","page","type-page","status-publish"],"_links":{"self":[{"href":"https:\/\/www.vupik.hr\/index.php?rest_route=\/wp\/v2\/pages\/8277","targetHints":{"allow":["GET"]}}],"collection":[{"href":"https:\/\/www.vupik.hr\/index.php?rest_route=\/wp\/v2\/pages"}],"about":[{"href":"https:\/\/www.vupik.hr\/index.php?rest_route=\/wp\/v2\/types\/page"}],"author":[{"embeddable":true,"href":"https:\/\/www.vupik.hr\/index.php?rest_route=\/wp\/v2\/users\/1"}],"replies":[{"embeddable":true,"href":"https:\/\/www.vupik.hr\/index.php?rest_route=%2Fwp%2Fv2%2Fcomments&post=8277"}],"version-history":[{"count":77,"href":"https:\/\/www.vupik.hr\/index.php?rest_route=\/wp\/v2\/pages\/8277\/revisions"}],"predecessor-version":[{"id":25146,"href":"https:\/\/www.vupik.hr\/index.php?rest_route=\/wp\/v2\/pages\/8277\/revisions\/25146"}],"wp:attachment":[{"href":"https:\/\/www.vupik.hr\/index.php?rest_route=%2Fwp%2Fv2%2Fmedia&parent=8277"}],"curies":[{"name":"wp","href":"https:\/\/api.w.org\/{rel}","templated":true}]}}