{"id":24784,"date":"2019-05-16T14:09:49","date_gmt":"2019-05-16T12:09:49","guid":{"rendered":"http:\/\/www.vupik.hr\/?page_id=24784"},"modified":"2019-05-16T14:09:49","modified_gmt":"2019-05-16T12:09:49","slug":"uvjeti-koristenja-kolacica","status":"publish","type":"page","link":"https:\/\/www.vupik.hr\/?page_id=24784","title":{"rendered":"Uvjeti kori\u0161tenja kola\u010di\u0107a"},"content":{"rendered":"<p>Vupik je ovla\u0161ten pohranjivati na ra\u010dunalu Korisnika \u201ekola\u010di\u0107e\u201c koji sadr\u017ee informacije o Korisniku i koji se koriste radi u\u0161tede vremena Korisnika za vrijeme kori\u0161tenja Internetskih stranica Vupika, radi pra\u0107enja i usmjeravanja Korisnikovih interesa s ciljem pru\u017eanja usluga prilago\u0111enih svakom Korisniku. \u201eKola\u010di\u0107i\u201c tako\u0111er prikupljaju neosobne informacije Korisnika. Za prikazivanje oglasa na svojoj Internetskoj stranici Vupik mo\u017ee koristiti tre\u0107e agencije za ogla\u0161avanje. Kao dio njihove usluge tre\u0107e agencije mogu staviti odvojene \u201ekola\u010di\u0107e\u201c na ra\u010dunalo Korisnika, a nad kojima Vupik nema pristup ili kontrolu. Korisnik mo\u017ee urediti postavke pretra\u017eiva\u010da kako bi odbio \u201ekola\u010di\u0107e\u201c, u kojem slu\u010daju se mo\u017ee dogoditi da neki dijelovi Internetskih stranica Vupika mo\u017eda ne\u0107e pravilno raditi. Vupik mo\u017ee koristiti i druge standardne tehnologije za pra\u0107enje uporabe Internetskih stranica i promocija, te mo\u017ee dozvoliti Tre\u0107im pru\u017eateljima usluga kori\u0161tenje ove metode u ime Vupika.<\/p>\n","protected":false},"excerpt":{"rendered":"<p>Vupik je ovla\u0161ten pohranjivati na ra\u010dunalu Korisnika \u201ekola\u010di\u0107e\u201c koji sadr\u017ee informacije o Korisniku i koji se koriste radi u\u0161tede vremena Korisnika za vrijeme kori\u0161tenja Internetskih stranica Vupika, radi pra\u0107enja i usmjeravanja Korisnikovih interesa s ciljem pru\u017eanja usluga prilago\u0111enih svakom Korisniku&#8230;.<\/p>\n","protected":false},"author":1,"featured_media":0,"parent":0,"menu_order":0,"comment_status":"closed","ping_status":"closed","template":"","meta":{"footnotes":""},"class_list":["post-24784","page","type-page","status-publish"],"_links":{"self":[{"href":"https:\/\/www.vupik.hr\/index.php?rest_route=\/wp\/v2\/pages\/24784","targetHints":{"allow":["GET"]}}],"collection":[{"href":"https:\/\/www.vupik.hr\/index.php?rest_route=\/wp\/v2\/pages"}],"about":[{"href":"https:\/\/www.vupik.hr\/index.php?rest_route=\/wp\/v2\/types\/page"}],"author":[{"embeddable":true,"href":"https:\/\/www.vupik.hr\/index.php?rest_route=\/wp\/v2\/users\/1"}],"replies":[{"embeddable":true,"href":"https:\/\/www.vupik.hr\/index.php?rest_route=%2Fwp%2Fv2%2Fcomments&post=24784"}],"version-history":[{"count":2,"href":"https:\/\/www.vupik.hr\/index.php?rest_route=\/wp\/v2\/pages\/24784\/revisions"}],"predecessor-version":[{"id":25015,"href":"https:\/\/www.vupik.hr\/index.php?rest_route=\/wp\/v2\/pages\/24784\/revisions\/25015"}],"wp:attachment":[{"href":"https:\/\/www.vupik.hr\/index.php?rest_route=%2Fwp%2Fv2%2Fmedia&parent=24784"}],"curies":[{"name":"wp","href":"https:\/\/api.w.org\/{rel}","templated":true}]}}