{"id":24782,"date":"2019-05-16T14:07:23","date_gmt":"2019-05-16T12:07:23","guid":{"rendered":"http:\/\/www.vupik.hr\/?page_id=24782"},"modified":"2019-05-16T14:07:23","modified_gmt":"2019-05-16T12:07:23","slug":"opci-uvijeti-koristenja","status":"publish","type":"page","link":"https:\/\/www.vupik.hr\/?page_id=24782","title":{"rendered":"Op\u0107i uvijeti kori\u0161tenja"},"content":{"rendered":"<ol>\n<li>OP\u0106E ODREDBE<\/li>\n<\/ol>\n<p>Dru\u0161tvo VUPIK plus d.o.o., Sajmi\u0161te 113\/C, HR-32000 Vukovar, OIB: 81523019624 (dalje u tekstu: Vupik) pru\u017ea interaktivnu online uslugu putem Internet stranica na domeni\u00a0<a href=\"http:\/\/www.vupik.hr\">www.vupik.hr<\/a>.<\/p>\n<p>Usluga se sastoji od pru\u017eanja informacijskih usluga i upravljanja sadr\u017eajem. Pod pojmom \u201eInternetske stranice\u201c u ovim Uvjetima kori\u0161tenja podrazumijevaju se sve internetske stranice koje se nalaze unutar domene\u00a0<a href=\"http:\/\/www.vupik.hr\">www.vupik.hr<\/a> . Ovi Uvjeti kori\u0161tenja propisuju uvjete i pravila koji se odnose na kori\u0161tenje Internetskih stranica od strane Korisnika.<\/p>\n<p>Kori\u0161tenjem i pristupom ovim Internetskim stranicama (izuzev u slu\u010daju prvog \u010ditanja ovih Uvjeta), Korisnici izjavljuju da su pro\u010ditali i razumjeli Uvjete kori\u0161tenja, da su s istim upoznati i u cijelosti suglasni s ovdje iznesenim uvjetima i pravilima te pristaju na kori\u0161tenje Internetskih stranica u skladu s njima.<\/p>\n<p>Pravo kori\u0161tenja Internetskih stranica nije prenosivo na druge fizi\u010dke ili pravne osobe. Korisnik je osobno odgovoran za za\u0161titu povjerljivosti zaporki, na mjestima gdje one kao takve postoje.<br \/>\nKorisnik je upoznat s mogu\u0107no\u0161\u0107u povremenih prekida, nedostupnosti i\/ili isklju\u010denja usluga (rutinsko odr\u017eavanje i sl.), zbog vi\u0161e sile te VUPIK plus d.o.o. ne odgovara za bilo kakav gubitak podataka do kojeg mo\u017ee do\u0107i za vrijeme prijenosa informacija na Internetu. Korisnik se sla\u017ee i prihva\u0107a da zbog navedenih razloga pristup Internetskim stranicama mo\u017ee biti u prekidu, privremeno nedostupan ili isklju\u010den.<br \/>\nInformacije na ovoj Web stranici mogu sadr\u017eavati tehni\u010dke neto\u010dnosti ili tipografske pogre\u0161ke. Vupik ne izjavljuje niti jam\u010di, izri\u010dito niti pre\u0161utno, da je sadr\u017eaj internetske stranice i\/ili povezanih stranica potpun ili a\u017euriran; da \u0107e internetska stranica i\/ili povezane stranice uvijek biti dostupne i raspolo\u017eive, te da ne\u0107e prouzro\u010diti \u0161tetu korisnicima, registriranim korisnicima ili tre\u0107im osobama. Svaki korisnik i registrirani korisnik izri\u010dito prihva\u0107a kori\u0161tenje ove internetske stranice na svoju vlastitu odgovornost te snosi isklju\u010divo sve eventualne tro\u0161kove vezane uz odr\u017eavanje ili popravak ra\u010dunalne opreme. Bilo kakvo jamstvo dano na ovim stranicama odnosi se isklju\u010divo na proizvode ili usluge koje pru\u017ea Vupik.<br \/>\nVupik pridr\u017eava pravo u bilo kojem trenutku izmijeniti ili ukinuti internet stranicu, uklju\u010duju\u0107i, ali bez ograni\u010denja, sadr\u017eaj, vrijeme dostupnosti, kao i opremu potrebnu za pristup ili kori\u0161tenje stranica. Vupik je ovla\u0161tena prestati objavljivati bilo koji dio\/vrstu informacija te promijeniti ili ukinuti bilo koji na\u010din prijenosa podataka, mo\u017ee promijeniti brzine prijenosa podataka, kao i bilo koje njihove druge karakteristike. Informacije mogu biti promijenjene bez prethodne obavijesti. Vupik mo\u017ee tako\u0111er u bilo koje vrijeme napraviti pobolj\u0161anja i\/ili promjene na proizvodima i\/ili programima opisanim u ovim informacijama, bez prethodne obavijesti. Ukoliko Korisnik ne prihva\u0107a Uvjete kori\u0161tenja, obvezan je suzdr\u017eati se od uporabe i kori\u0161tenja Internetskih stranica.<\/p>\n<p>Vupik pridr\u017eava pravo revidirati Uvjete kori\u0161tenja u bilo kojem trenutku kao i ukinuti pristup Internetskim stranicama bez prethodne obavijesti.<\/p>\n<ol start=\"2\">\n<li>PROMJENA UVJETA KORI\u0160TENJA<\/li>\n<\/ol>\n<p>Vupik zadr\u017eava pravo u bilo kojem trenutku, ukoliko to smatra potrebnim, ukinuti ili izmijeniti bilo koji od ovdje navedenih Uvjeta kori\u0161tenja i\/ili Izjavu o povjerljivosti podataka. Bilo kakva izmjena ili ukidanje uvjeta i pravila kori\u0161tenja stupit \u0107e na snagu u trenutku objave istih na Internet stranicama. Bilo kakvo kori\u0161tenje ovih Internetskih stranica od strane Korisnika nakon takve obavijesti podrazumijevat \u0107e se kao prihva\u0107anje tih promjena.<\/p>\n<p>Korisnik se obvezuje povremeno iznova pro\u010ditati Uvjete kori\u0161tenja kako bi se upoznao s eventualnim promjenama. Ukoliko Korisnik koristi Internetske stranice nakon izmjene Uvjeta kori\u0161tenja, presumira se da se upoznao s izmjenama, da ih razumije i u cijelosti prihva\u0107a. Isklju\u010dujemo odgovornost za bilo kakvu \u0161tetu prouzro\u010denu korisnicima, registriranim korisnicima ili tre\u0107im osobama uslijed takvih izmjena.<\/p>\n<ol start=\"3\">\n<li>RA\u010cUNALNA OPREMA<\/li>\n<\/ol>\n<p>Korisnik je isklju\u010divo i jedino odgovoran za nabavu, kori\u0161tenje i odr\u017eavanje svoje ra\u010dunalne opreme, uklju\u010duju\u0107i ali ne i ograni\u010deno na cjelokupni software i hardware koji posjeduje i koristi, kao i drugu opremu potrebnu za pristup i kori\u0161tenje Internetskih stranica Vupika te sve sa tim povezane tro\u0161kove. Vupik nije odgovorna za bilo kakva o\u0161te\u0107enja opreme Korisnika koja mogu nastati kao posljedica kori\u0161tenja ovih Internetskih stranica.<\/p>\n<ol start=\"4\">\n<li>PONA\u0160ANJE KORISNIKA<\/li>\n<\/ol>\n<p>Internetske stranice, kao i bilo koje druge stranice, sada ili kasnije sadr\u017eane ili na drugi na\u010din dostupne putem vanjskih poveznica sa Internetskim stranicama privatno su vlasni\u0161tvo Vupika.<\/p>\n<p>Sva me\u0111usobna interakcija koja se odvija putem ovih Internetskih stranica mora biti u skladu s Uvjetima kori\u0161tenja te se od korisnika zahtijeva da sve aktivnosti u vezi s kori\u0161tenjem ovih Internetskih stranica budu u skladu s pozitivnim pravnim propisima Republike Hrvatske.<\/p>\n<p>Zabranjeno je objavljivanje, kori\u0161tenje, preno\u0161enje, slanje i razmjena materijala i sadr\u017eaja kojima se naru\u0161avaju ili ugro\u017eavaju privatnost, koji su vulgarni, ili na drugi na\u010din nepo\u017eeljni u normalnoj komunikaciji, kojima se ugro\u017eavaju i\/ili kr\u0161e prava drugih, a naro\u010dito materijala i sadr\u017eaja koji su po svojoj prirodi nezakoniti, ugro\u017eavaju\u0107i, uvredljivi, klevetni\u010dki, koji vrije\u0111aju va\u017ee\u0107e pravne propise Republike Hrvatske, posebno nezakonitih, la\u017enih odnosno neistinitih, obmanjuju\u0107ih, uvredljivih, klevetni\u010dkih, vulgarnih, opscenih, prijete\u0107ih, uznemiruju\u0107ih, rasisti\u010dkih ili \u0161ovinisti\u010dkih sadr\u017eaja, sadr\u017eaja koji vrije\u0111aju prava intelektualnog vlasni\u0161tva tre\u0107ih osoba, sadr\u017eaja kojima se neovla\u0161teno otkrivaju osobni podaci ili se vrije\u0111a pravo na osobnost tre\u0107ih osoba ili drugih korisnika kao i drugih neprimjerenih sadr\u017eaja, te sadr\u017eaja kojima se mo\u017ee nanijeti \u0161teta dru\u0161tvu VUPIK plus d.o.o. i povezanim dru\u0161tvima, drugim korisnicima ili tre\u0107im osobama, \u0161to uklju\u010duje, izme\u0111u ostaloga, sadr\u017eaje kojima se poti\u010de na pona\u0161anje koje predstavlja kazneno djelo, koje za sobom povla\u010di gra\u0111ansku odgovornost ili na drugi na\u010din kr\u0161e bilo koji propis te koji, bez izri\u010ditog, prethodnog, pismenog odobrenja Vupik, sadr\u017ei ogla\u0161avanje ili ponudu bilo \u010dijih proizvoda i usluga. Korisnik ne smije koristiti ove Internetske stranice za ogla\u0161avanje ili izvo\u0111enje bilo kakve komercijalne, vjerske, politi\u010dke, ili nekomercijalne promid\u017ebe, uklju\u010duju\u0107i pozivanje korisnika ovih Internetskih stranica na to da postanu \u010dlanovi druge online ili offline usluge, koja predstavlja direktnu ili indirektnu konkurenciju, ili potencijalnu konkurenciju Vupiku.<\/p>\n<p>Bilo kakvo pona\u0161anje Korisnika, koje prema diskrecijskoj ocjeni Vupika ograni\u010dava ili onemogu\u0107uje bilo kojeg drugog Korisnika u kori\u0161tenju Internetskih stranica strogo je zabranjeno.<\/p>\n<ol start=\"5\">\n<li>INTELEKTUALNO VLASNI\u0160TVO<\/li>\n<\/ol>\n<p>Internetske stranice sadr\u017ee materijale za\u0161ti\u0107ene autorskim pravom, \u017eigom, dizajnom te druge informacije koje su pokrivene drugim pravima fizi\u010dkih ili pravnih osoba, uklju\u010duju\u0107i, ali bez ograni\u010denja na, tekstove, software, fotografije, video materijale, grafiku, glazbu, zvuk, kao i cijeli sadr\u017eaj Internetskih stranica, a u skladu s propisima Republike Hrvatske. Na svim materijalima (tekstovima, fotografijama, slikama, crte\u017eima, audio i video materijalima i dr.), za\u0161ti\u0107enim znakovima proizvoda i usluga (\u017eigovima), logotipima, te drugim sadr\u017eajima koji se nalaze na Internetskim stranicama Vupika ima isklju\u010divo pravo vlasni\u0161tva ili se koriste uz izri\u010dito odobrenje nositelja autorskih prava te nositelja prava na \u017eigovima i\/ili dizajnu. Ako nije druga\u010dije navedeno, svi \u017eigovi koji se pojavljuju na sustavu intelektualno su vlasni\u0161tvo njihovih nositelja. Vupik je nositelj autorskih prava u vezi s odabirom, koordinacijom, postavljanjem i unapre\u0111enjem takvog sadr\u017eaja, kao i prava u vezi s originalnim sadr\u017eajem.<\/p>\n<p>BILO KAKVO KOPIRANJE, DISTRIBUCIJA, PRIJENOS, OBJAVLJIVANJE, REPRODUCIRANJE, PREINAKA, REVIDIRANJE, PRENO\u0160ENJE, POVEZIVANJE, DUBINSKO POVEZIVANJE, STVARANJE IZVEDENICA ILI MIJENJANJE INTERNETSKIH STRANICA NA DRUGI NA\u010cIN BEZ IZRI\u010cITOG PISMENOG ODOBRENJA VUPIKA STROGO JE ZABRANJENO! Bilo kakvo kr\u0161enje ovih uvjeta mo\u017ee imati za posljedicu povrede autorskih prava, prava \u017eiga ili prava kojeg drugog oblika intelektualnog vlasni\u0161tva, te mo\u017ee dovesti do pokretanja gra\u0111anskih, trgova\u010dkih postupaka i\/ili do kaznenog i\/ili prekr\u0161ajnog progona protiv po\u010dinitelja. Nije dozvoljeno kopiranje, redistribucija, ponovni prijenos, izdavanje ili komercijalno iskori\u0161tavanje preuzetog materijala bez izri\u010ditog pismenog odobrenja Vupika i nositelja autorskog prava.<\/p>\n<p>Korisnik mo\u017ee preuzimati, ispisivati i spremati materijale za\u0161ti\u0107ene autorskim pravom samo u svrhu svoje vlastite uporabe. Kori\u0161tenje i ispisivanje sadr\u017eaja s Internetskih stranica dopu\u0161teno je isklju\u010divo u svrhu informiranja i osobne, nekomercijalne svrhe korisnika.<\/p>\n<p>Korisnik se obvezuje da ne\u0107e na Internetskim stranicama postavljati, objavljivati ili na drugi na\u010din \u010diniti dostupnima bilo kakav materijal koji podlije\u017ee autorskom pravu, \u017eigu ili drugim pravima intelektualnog vlasni\u0161tva, bez izri\u010ditog odobrenja nositelja tih prava. Korisnik je jedino i isklju\u010divo odgovoran za \u0161tetu koja mo\u017ee nastati povredama autorskih prava, zlouporabom \u017eiga i drugih prava intelektualnog vlasni\u0161tva ili bilo kakvih problema nastalih u vezi s objavom takvih materijala.<br \/>\nVupik ne snosi obvezu izvje\u0161\u0107ivati Korisnika ili mu pomo\u0107i u odre\u0111ivanju je li odre\u0111eni materijal za\u0161ti\u0107en autorskim pravom.<\/p>\n<p>Postavljanjem materijala na bilo koji javno dostupni dio Internetskih stranica, Korisnik jam\u010di pod kaznenom i materijalnom odgovorno\u0161\u0107u da je nositelj prava na tim materijalima, te Vupiku daje izri\u010dito besplatno, stalno, nepovratno, ne-ekskluzivno pravo kori\u0161tenja, objavljivanja, umno\u017eavanja, reprodukcije, modificiranja, prilago\u0111avanja, distribucije objavljivanja, prevo\u0111enja i\/ili distribucije takvog materijala (djelomi\u010dno ili u cijelosti) vremenski i prostorno neograni\u010deno. Korisnik tako\u0111er daje drugim Korisnicima pravo pristupanja, pregledanja, spremanja ili reprodukcije tog materijala za vlastitu uporabu.<\/p>\n<ol start=\"6\">\n<li>LICENCE I \u017dIGOVI<\/li>\n<\/ol>\n<p>Objavom na ili putem Internetskih stranica Korisnik je Vupiku dao besplatnu, prostorno i vremenski neograni\u010denu licenciju za kori\u0161tenje, uporabu, reprodukciju, mijenjanje, objavljivanje, prilago\u0111avanje, prevo\u0111enje, distribuciju, provo\u0111enje i prikazivanje te komunikacije, same ili kao dijela ve\u0107e cjeline, u bilo kojem obliku, na bilo kojem mediju ili putem bilo koje tehnologije, bilo poznate ili kasnije razvijene, te dijeljenje takvih prava s vi\u0161estrukim djeliteljima te licencije.<\/p>\n<p>Kori\u0161tenjem ili pristupom Internetskoj stranici Korisnik ne stje\u010de, izri\u010dito ili pre\u0161utno, nikakvu licencu ili pravo kori\u0161tenja \u017eiga, patenta, dizajna, autorskog prava ili drugog prava koje pripada Vupiku i\/ili tre\u0107oj osobi. Korisnici i registrirani korisnici odgovorni su za po\u0161tivanje autorskih i drugih prava intelektualnog vlasni\u0161tva u pogledu tih sadr\u017eaja.<\/p>\n<ol start=\"7\">\n<li>IZJAVA O JAMSTVU I OGRANI\u010cENJE ODGOVORNOSTI<\/li>\n<\/ol>\n<p>KORISNIK IZRI\u010cITO IZJAVLJUJE DA KORISTI INTERNETSKE STRANICE ISKLJU\u010cIVO NA SVOJU ODGOVORNOST. VUPIK, NJENE PODRU\u017dNICE, MATI\u010cNE KOMPANIJE, KAO NI JEDAN OD NJIHOVIH ZAPOSLENIKA, AGENATA, TRE\u0106IH PRU\u017dATELJA USLUGA ILI LICENCIRANIH TVRTKI NE JAM\u010cE DA UPORABA INTERNETSKE STRANICE NE\u0106E BITI PREKINUTA ILI DA \u0106E BITI BEZ GRE\u0160AKA, NITI JAM\u010cE ZA (I) POSLJEDICE KOJE MOGU NASTATI UPORABOM INTERNETSKE STRANICE ILI (II) ZA TO\u010cNOST, POUZDANOST ILI SADR\u017dAJ BILO KOJE INFORMACIJE, USLUGE ILI ROBE DANE PREKO INTERNETSKIH STRANICA.<\/p>\n<p>OVA IZJAVA O ODGOVORNOSTI ODNOSI SE NA SVE \u0160TETE IZRAVNE ILI NEIZRAVNE, NA MOGU\u0106E OZLJEDE UZROKOVANE BILO KAKVIM LO\u0160IM OSOBINAMA, GRE\u0160KOM, IZUZE\u0106EM, PREKIDOM, BRISANJEM, KVAROM, KA\u0160NJENJEM U RADU ILI PRIJENOSU, RA\u010cUNALNIM VIRUSOM, PREKIDOM U KOMUNIKACIJSKOJ LINIJI, KRA\u0110OM, UNI\u0160TENJEM ILI NEOVLA\u0160TENIM PRISTUPOM, PROMJENAMA ILI ZLOUPORABOM ZAPISA, RASKIDOM UGOVORA, NEPRIKLADNIM PONA\u0160ANJEM, NEMAROM ILI BILO KAKVOM DRUGOM RADNJOM. KORISNIK IZRI\u010cITO POTVR\u0110UJE DA VUPIK NIJE ODGOVORNO ZA UVREDLJIVO, NEPRIKLADNO ILI PROTUZAKONITO PONA\u0160ANJE DRUGIH KORISNIKA ILI TRE\u0106IH STRANA, TE DA RIZIK OD \u0160TETA KOJI MO\u017dE NASTATI KAO POSLJEDICA NAVEDENOG U POTPUNOSTI LE\u017dI NA KORISNIKU.<\/p>\n<p>NI U KOJEM SLU\u010cAJU VUPIK ILI DRUGA FIZI\u010cKA ILI PRAVNA OSOBA UKLJU\u010cENA U STVARANJE, PROIZVODNJU ILI DISTRIBUCIJU INTERNETSKIH STRANICA ILI S NJIMA POVEZANOG SADR\u017dAJA, KAO I BILO KOJI SOFTVER, NE\u0106E BITI ODGOVORNI ZA BILO KAKVU \u0160TETU KOJA MO\u017dE NASTATI KAO POSLJEDICA KORI\u0160TENJA ILI ZBOG NEMOGU\u0106NOSTI KORI\u0160TENJA OVIH INTERNETSKIH STRANICA. KORISNIK IZRI\u010cITO POTVR\u0110UJE DA SE UVJETI OVOG POGLAVLJA ODNOSE NA CJELOKUPAN SADR\u017dAJ INTERNETSKIH STRANICA.<br \/>\nUZ PRETHODNO NAVEDENE UVJETE, NI VUPIK, NITI VLADAJU\u0106E DRU\u0160TVO, NITI NJENE PODRU\u017dNICE, PRU\u017dATELJI INFORMACIJA ILI PARTNERI KOJI URE\u0110UJU SADR\u017dAJ, NE\u0106E BITI ODGOVORNI, BEZ OBZIRA NA UZROK ILI TRAJANJE, ZA BILO KOJE POGRE\u0160KE, NETO\u010cNOSTI ILI DRUGE NEDOSTATKE, NEPRIKLADNOST ILI NEIZVORNOST INFORMACIJA KOJE SE NALAZE NA INTERNETSKIM STRANICAMA, KAO I ZA BILO KAKVO KA\u0160NJENJE ILI PREKID U PRIJENOSU INFORMACIJA DO KORISNIKA, ZA BILO KAKVA POTRA\u017dIVANJA ILI GUBITKE KOJI IZ TOG PROIZLAZE. NITI JEDNA OD GORE NAVEDENIH STRANA NE\u0106E BITI ODGOVORNA ZA BILO KAKVA POTRA\u017dIVANJA ILI GUBITKE TRE\u0106E STRANE, UKLJU\u010cUJU\u0106I I IZGUBLJENU DOBIT.<\/p>\n<p>VUPIK NIJE ODGOVORNO ZA BILO KAKAV SADR\u017dAJ KOJI KORISNIK, PRETPLATNIK ILI NEOVLA\u0160TENI KORISNIK MO\u017dE POSTAVITI NA INTERNETSKE STRANICE. BILO KAKAV SADR\u017dAJ KOJI JE POSTAVLJEN, A KOJI JE ILI SE MO\u017dE SMATRATI NEPRIKLADNIM MO\u017dE U SVAKOM TRENUTKU BITI UKLONJEN OD STRANE VUPIKA. VUPIK ZADR\u017dAVA PRAVO PROMJENE, PRILAGO\u0110AVANJA, IZMJENE, BRISANJA ILI UKLANJANJA BILO KOJEG SADR\u017dAJA ZA KOJI OCIJENI DA JE NEPRIKLADAN. VUPIK NITI U KOJEM SLU\u010cAJU NIJE NIKOME ODGOVORNA ZA BILO KAKVU IZRAVNU, NEIZRAVNU, POSEBNU ILI POSLJEDI\u010cNU \u0160TETU KOJA MO\u017dE NASTATI OD UPOTREBE INTERNETSKIH STRANICA ILI DRUGIH WEB STRANICA, UKLJU\u010cUJU\u0106I, BEZ OGRANI\u010cENJA, GUBITAK DOBITI, PREKID U RADU, GUBITAK PROGRAMA ILI DRUGIH PODATAKA NA KORISNIKOVIM SISTEMIMA ZA OBRADU PODATAKA ILI DRUGA\u010cIJE, \u010cAK I KAD JE IZRIJEKOM OBAVIJE\u0160TENA O TAKVIM \u0160TETAMA.<\/p>\n<p>Vupik zadr\u017eava pravo trenutno ukinuti bilo koje zaporke ili korisni\u010dke ra\u010dune Korisnika u slu\u010daju bilo kakvog njegovog pona\u0161anja koje Vupik, prema svojoj diskrecijskoj ocjeni, smatra neprihvatljivim, kao i u svakom slu\u010daju nepo\u0161tivanja ovih Uvjeta od strane Korisnika. U slu\u010daju ukidanja zaporki ili korisni\u010dkih ra\u010duna ovi uvjeti ne\u0107e prestati vrijediti izme\u0111u Korisnika i Vupika.<\/p>\n<p>Vupik namjerava koristiti nazive, logotipe, znakove, \u017eigove i druge za\u0161ti\u0107ene sadr\u017eaje koji se pojavljuju na Internetskim stranicama isklju\u010divo na podru\u010djima za koja je ovla\u0161tena na temelju registracije ili prijave \u017eiga, na temelju licence ili na neki drugi na\u010din. Kako bi se izbjegla svaka sumnja, Vupik ovime izjavljuje kako nema namjeru koristiti nazive, logotipe, znakove, \u017eigove i druge za\u0161ti\u0107ene sadr\u017eaje na podru\u010djima za koja nije ovla\u0161tena, te ne\u0107e isporu\u010divati niti nuditi proizvode i\/ili usluge ozna\u010dene takvim za\u0161ti\u0107enim sadr\u017eajima na takvim podru\u010djima. Kori\u0161tenje takvih za\u0161ti\u0107enih sadr\u017eaja na Internetskoj stranici suprotno odredbama ovih Uvjeta ili njihova zlouporaba je strogo zabranjena.<\/p>\n<ol start=\"8\">\n<li>NADZOR<\/li>\n<\/ol>\n<p>Vupik ima pravo, ali ne i obavezu, u svakom trenutku nadzirati sadr\u017eaj na Internetskim stranicama, uklju\u010duju\u0107i bilo koje chat sobe i forume koji bi mogli biti sadr\u017eani kao dio Internetskih stranica, kako bi osigurala sukladnost i po\u0161tivanje ovih Uvjeta kori\u0161tenja, kao i bilo kojih drugih pravila propisanih od strane Vupika, kao i sukladnost s bilo kojim odgovaraju\u0107im zakonom, propisom ili drugim aktom. Bez ograni\u010denja na prethodno navedene stavke, Vupik zadr\u017eava pravo uklanjanja bilo kojeg materijala za koji prema vlastitoj diskrecijskoj ocjeni na\u0111e da nije u sukladnosti s ovdje postavljenim pravilima ili za koji prona\u0111e da je na drugi na\u010din upitan. Vupik nije obvezan odgovoriti na interaktivne sadr\u017eaje.<br \/>\nVupik ne preuzima nikakvu odgovornost u vezi to\u010dnosti informacija koje daje i upotreba tih informacija je na odgovornost primatelja. Vupik ne daje nikakva osiguranja da \u0107e bilo koji prijavljeni problemi biti rije\u0161eni s upotrebom bilo kojih informacija koje Vupik daje. Dostavljanjem informacija, Vupik ne dodjeljuje nikakve licence za bilo kakva autorska prava, patente ili neka druga prava intelektualnog vlasni\u0161tva.<\/p>\n<ol start=\"9\">\n<li>PRIVATNOST<br \/>\nKorisnik potvr\u0111uje da su svi komentari, privatne poruke, forumi, chat sobe i\/ili drugi na\u010dini slanja poruka ili me\u0111usobnog komuniciranja (u tekstu dalje \u2013 Zajednice) javne, a ne privatne prirode, i da stoga djelatnici Vupika mogu nadzirati komunikacije Korisnika bez njihovog znanja i eksplicitnog dopu\u0161tenja.<\/li>\n<\/ol>\n<p>Vupik ne kontrolira i\/ili autorizira sadr\u017eaj, poruka ili informacija koje se mogu na\u0107i u bilo kojim Zajednicama te stoga nije odgovorna za bilo kakve radnje koje su posljedica sudjelovanja Korisnika u bilo kojoj od Zajednica, uklju\u010duju\u0107i odgovornost za mogu\u0107e sporne sadr\u017eaje.<\/p>\n<ol start=\"10\">\n<li>TAJNOST PODATAKA<\/li>\n<\/ol>\n<p>Vupik ne \u017eeli od Korisnika primati povjerljive informacije ili informacije koje se ti\u010du vlasni\u0161tva preko Internetske stranice. Bilo koje informacije ili materijali koji se po\u0161alju Vupiku tretirati \u0107e se kao da NISU povjerljivi. Slanjem nekih informacija ili materijala Vupiku, Korisnik daje Vupiku neograni\u010denu i neopozivu licencu za upotrebu, kopiranje, prikaz, izvo\u0111enje, mijenjanje, prijenos i distribuciju tih materijala ili informacija, te se tako\u0111er sla\u017ee da Vupik mo\u017ee slobodno koristiti bilo koje ideje, koncepte, znanja ili tehnike sadr\u017eane u poslanim materijalima ili informacijama u bilo koju svrhu. Me\u0111utim, Vupik ne\u0107e objaviti ime Korisnika ili na drugi na\u010din publicirati \u010dinjenicu da mu je Korisnik poslao materijale ili druge informacije, osim ako: (a) dobije dozvolu Korisnika da koristi njegovo ime; ili (b) uz prethodnu obavijest Korisniku da \u0107e materijali ili druge poslane informacije na odre\u0111eni dio Internetskih stranica, biti objavljeni ili na neki drugi na\u010din biti na njima upotrijebljeni zajedno s Korisnikovim imenom; ili (c) je to obavezna u\u010diniti po zakonu.<\/p>\n<p>Bilo kakva vrsta komunikacije Korisnika smatra se da nije povjerljiva. Ako odre\u0111ene web stranice dozvoljavaju objavu komunikacija koje \u0107e Vupik tretirati kao povjerljive, ta \u010dinjenica \u0107e biti navedena na tim stranicama. Objavljivanjem komentara, poruka ili drugih informacija na Internetskim stranicama, Korisnik daje Vupiku pravo kori\u0161tenja tih komentara, poruka ili informacija u svrhu promocije, ogla\u0161avanja, istra\u017eivanja tr\u017ei\u0161ta ili bilo koju drugu pravno dozvoljenu namjenu. Za vi\u0161e informacija pogledajte Izjavu o povjerljivosti podataka Vupika.<\/p>\n<p>Materijali koji su poslani ili dostupni putem Internetskih stranica nisu i ne\u0107e se smatrati poslovnom tajnom, tajnim ili povjerljivim informacijama. Objavom materijala na Internetskim stranicama Korisnik ovla\u0161\u0107uje Vupik i\/ili njena povezana dru\u0161tva da ga neograni\u010deno koriste u bilo koje svrhe, uklju\u010duju\u0107i umno\u017eavanje, prijenos, objavljivanje, emitiranje ili uporabu na bilo koji drugi na\u010din, bez obveze pla\u0107anja bilo kakve naknade.<\/p>\n<ol start=\"11\">\n<li>NAKNADA \u0160TETE<\/li>\n<\/ol>\n<p>Korisnik se sla\u017ee da \u0107e obe\u0161tetiti i ne\u0107e smatrati odgovornim , vladaju\u0107e kompanije, njene podru\u017enice, njihove odgovorne osobe, zaposlenike i agente za zahtjeve za naknadom \u0161tete i tro\u0161kova, uklju\u010duju\u0107i tro\u0161kove pravnog zastupanja, a koji mogu nastati uporabom Internetskih stranica od strane Korisnika.<\/p>\n<ol start=\"12\">\n<li>SADR\u017dAJ TRE\u0106IH STRANA<\/li>\n<\/ol>\n<p>Vupik, kao i pru\u017eatelji Internetskih usluga (ISP), distributer je (a ne izdava\u010d) sadr\u017eaja koje pribavljaju tre\u0107e strane i Korisnici. Bilo kakva mi\u0161ljenja, savjeti, izjave, usluge, ponude ili druge informacije ili sadr\u017eaj postavljeni od tre\u0107ih strana, uklju\u010duju\u0107i javne pru\u017eatelje informacija ili bilo koje Korisnike, dolaze od odgovaraju\u0107ih autora ili distributera, a ne od Vupika. Vupik, a niti tre\u0107i pru\u017eatelji informacija ne jam\u010de za to\u010dnost, potpunost, ili korisnost bilo kojeg sadr\u017eaja, kao ni njegove mogu\u0107nosti prodaje ili prikladnosti za bilo koju odre\u0111enu namjenu.<\/p>\n<p>Informacije dostupne na Internetskim stranicama, a koje predstavljaju mi\u0161ljenja i ocjene odgovaraju\u0107eg pru\u017eatelja informacija, Korisnika ili drugog korisnika koji nije u ugovornom odnosu s Vupikom, Vupik ne autorizira, te stoga ne mo\u017ee biti odgovorna za to\u010dnost ili pouzdanost bilo kojeg mi\u0161ljenja, savjeta ili izjave koja je objavljena na Internetskim stranicama od strane bilo koga tko nije ovla\u0161teni zaposlenik Vupika ili koji ne djeluje po slu\u017ebenoj du\u017enosti. Ni pod kojim uvjetima Vupik ne\u0107e biti odgovorna za bilo kakav gubitak ili \u0161tetu nastalu time \u0161to se Korisnik oslonio na informacije dobivene putem Internet stranica. Na Korisniku le\u017ei sva odgovornost da ocijeni to\u010dnost, kompletnost ili korisnost bilo koje informacije, mi\u0161ljenja, stava, savjeta ili drugog sadr\u017eaja koji je dostupan putem Internetskih stranica.<\/p>\n<p>Internet stranice Vupika sadr\u017ee veze na web stranice tre\u0107ih strana koje odr\u017eavaju drugi pru\u017eatelji sadr\u017eaja. Ove veze su postavljene samo radi prakti\u010dnosti, a ne kao potvrda sadr\u017eaja na stranicama tre\u0107ih strana od strane Vupika, te Vupik izri\u010dito opovrgava bilo kakvu povezanost sa sadr\u017eajem ili to\u010dno\u0161\u0107u materijala na Internet stranicama tre\u0107ih strana.<\/p>\n<ol start=\"13\">\n<li>NI\u0160TETNE ODREDBE<\/li>\n<\/ol>\n<p>U slu\u010daju ni\u0161tetnosti pojedinih odredbi Uvjeta kori\u0161tenja, takva ni\u0161tetnost ne\u0107e utjecati na valjanost bilo koje druge odredbe ovih Uvjeta, te \u0107e preostali dijelovi ovih Uvjeta ostati na snazi.<\/p>\n<ol start=\"14\">\n<li>ODRICANJE OD PRAVA<\/li>\n<\/ol>\n<p>Ukoliko bilo koja strana ne iskoristi svoja prava iz ovih Uvjeta, to se ne\u0107e smatrati odricanjem ili gubitkom istih prava u budu\u0107nosti, kao ni bilo kojih drugih u ovim Uvjetima navedenih prava.<\/p>\n<ol start=\"15\">\n<li>RJE\u0160AVANJE SPOROVA<\/li>\n<\/ol>\n<p>Na sve \u0161to nije regulirano ovim Uvjetima primjenjuju se odredbe Zakona o obveznim odnosima.<br \/>\nSve sporove koji nastanu vezano za ove Uvjete strane \u0107e poku\u0161ati rije\u0161iti sporazumno. Svi sporovi ili zahtjevi koji mogu nastati, kao posljedica kori\u0161tenja Internetskih stranica u vezi s ovim Uvjetima ili u vezi s njihovim provo\u0111enjem u nadle\u017enosti su nadle\u017enog suda u Zagrebu uz primjenu mjerodavnog materijalnog hrvatskog prava.<\/p>\n<ol start=\"16\">\n<li>PRIMJENA UVJETA KORI\u0160TENJA<\/li>\n<\/ol>\n<p>Ovi uvjeti kori\u0161tenja primjenjuju se od 01. travnja 2019. godine do opoziva od strane Vupika.<\/p>\n","protected":false},"excerpt":{"rendered":"<p>OP\u0106E ODREDBE Dru\u0161tvo VUPIK plus d.o.o., Sajmi\u0161te 113\/C, HR-32000 Vukovar, OIB: 81523019624 (dalje u tekstu: Vupik) pru\u017ea interaktivnu online uslugu putem Internet stranica na domeni\u00a0www.vupik.hr. Usluga se sastoji od pru\u017eanja informacijskih usluga i upravljanja sadr\u017eajem. Pod pojmom \u201eInternetske stranice\u201c u&#8230;<\/p>\n","protected":false},"author":1,"featured_media":0,"parent":0,"menu_order":0,"comment_status":"closed","ping_status":"closed","template":"","meta":{"footnotes":""},"class_list":["post-24782","page","type-page","status-publish"],"_links":{"self":[{"href":"https:\/\/www.vupik.hr\/index.php?rest_route=\/wp\/v2\/pages\/24782","targetHints":{"allow":["GET"]}}],"collection":[{"href":"https:\/\/www.vupik.hr\/index.php?rest_route=\/wp\/v2\/pages"}],"about":[{"href":"https:\/\/www.vupik.hr\/index.php?rest_route=\/wp\/v2\/types\/page"}],"author":[{"embeddable":true,"href":"https:\/\/www.vupik.hr\/index.php?rest_route=\/wp\/v2\/users\/1"}],"replies":[{"embeddable":true,"href":"https:\/\/www.vupik.hr\/index.php?rest_route=%2Fwp%2Fv2%2Fcomments&post=24782"}],"version-history":[{"count":1,"href":"https:\/\/www.vupik.hr\/index.php?rest_route=\/wp\/v2\/pages\/24782\/revisions"}],"predecessor-version":[{"id":24783,"href":"https:\/\/www.vupik.hr\/index.php?rest_route=\/wp\/v2\/pages\/24782\/revisions\/24783"}],"wp:attachment":[{"href":"https:\/\/www.vupik.hr\/index.php?rest_route=%2Fwp%2Fv2%2Fmedia&parent=24782"}],"curies":[{"name":"wp","href":"https:\/\/api.w.org\/{rel}","templated":true}]}}