{"id":24778,"date":"2019-05-16T14:06:14","date_gmt":"2019-05-16T12:06:14","guid":{"rendered":"http:\/\/www.vupik.hr\/?page_id=24778"},"modified":"2019-05-16T14:06:39","modified_gmt":"2019-05-16T12:06:39","slug":"izjava-o-tajnosti-i-povjerljivosti-podataka","status":"publish","type":"page","link":"https:\/\/www.vupik.hr\/?page_id=24778","title":{"rendered":"Izjava o tajnosti i povjerljivosti podataka"},"content":{"rendered":"<ol>\n<li>UVODNE ODREDBE<\/li>\n<\/ol>\n<p>Pristupanjem i\/ili uporabom Internetskih stranica \u00a0dru\u0161tva VUPIK plus d.o.o., Sajmi\u0161te 113\/C, HR-32000 Vukovar, OIB: 81523019624 (dalje u tekstu: Vupik), Korisnik potvr\u0111uje da je pro\u010ditao, razumio te da je suglasan s Uvjetima povjerljivosti podataka i na\u010dinima uporabe istih. Ukoliko Korisnik s istim nije suglasan, du\u017ean se suzdr\u017eati od kori\u0161tenja istih, napustiti ih te ne pristupati i\/ili koristiti Internetske stranice Vupika.<\/p>\n<ol start=\"2\">\n<li>PROMJENE POVJERLJIVOSTI PODATAKA<\/li>\n<\/ol>\n<p>Vupik je ovla\u0161ten izmijeniti Izjavu o povjerljivosti podataka u bilo kojem trenutku objavljivanjem izmijenjenog teksta izjave o povjerljivosti podataka na svojim Internetskim stranicama. Izmjene izjave o povjerljivosti podataka stupa na snagu odmah nakon objave na Internetskim stranicama. Bilo kakvo kori\u0161tenje ovih Internetskih stranica od strane Korisnika nakon takve obavijesti podrazumijevat \u0107e se kao prihva\u0107anje tih promjena.<\/p>\n<p>Korisnik se obvezuje povremeno iznova pro\u010ditati Izjavu o povjerljivosti podataka kako bi se upoznao s eventualnim promjenama. Ukoliko Korisnik koristi Internetske stranice nakon izmjene Izjave o povjerljivosti podataka, presumira se da se upoznao s izmjenama, da ih razumije i u cijelosti prihva\u0107a. Isklju\u010dujemo odgovornost za bilo kakvu \u0161tetu prouzro\u010denu korisnicima, registriranim korisnicima ili tre\u0107im osobama uslijed takvih izmjena.<\/p>\n<ol start=\"3\">\n<li>VRSTE PRIKUPLJENIH INFORMACIJA I UPORABA PRIKUPLJENIH INFORMACIJA<\/li>\n<\/ol>\n<p>Vupik prikuplja osobne informacije koje identificiraju Korisnike Internetskih stranica. Kada se Korisnik uklju\u010di u odre\u0111ene aktivnosti na Internetskim stranicama Vupika, kao \u0161to su otvaranje korisni\u010dkog ra\u010duna, pretplata na newsletter, objavljivanje sadr\u017eaja i\/ili objavljivanje tekstova na forumima, sudjelovanje u natjecanjima u organizaciji Vupika, ispunjavanje anketa, objavljivanje komentara, slanje povratnih informacija Vupika, tra\u017eenje informacija o proizvodima Vupika, postavljanje video zapisa i sli\u010dno, Vupik mo\u017ee zatra\u017eiti od Korisnika pru\u017eanje odre\u0111enih informacija o sebi. Korisnik nije du\u017ean uklju\u010diti se u navedene aktivnosti. Ukoliko se Korisnik odlu\u010di uklju\u010diti, Vupik je ovla\u0161ten zatra\u017eiti osobne informacije: ime i prezime, adresa (uklju\u010duju\u0107i po\u0161tanski broj), e-mail adresa, telefonski broj i datum ro\u0111enja te sliku.<\/p>\n<p>Vupik je ovla\u0161ten koristiti osobne informacije Korisnika kako bi im ponudila proizvode i usluge, organizirala natjecanja, unaprijedila rad Internetskih stranica, pobolj\u0161ala ogla\u0161iva\u010dke i promocijske napore, analizirala uporabu Internetskih stranica, pobolj\u0161ala ponudu svojih proizvoda i usluga te ispitala iskustva Korisnika s tre\u0107im stranama. Vupik je izri\u010dito ovla\u0161ten koristiti komentare Korisnika kako bi druge Korisnike obavijestila o proizvodima. Takav komentar mo\u017ee biti objavljen u ogla\u0161iva\u010dkim materijalima na Internetskoj stranici Vupika. Osim toga, ako Korisnici koriste \u00a0Internetske stranice Vupika za slanje informacija ili proizvoda drugim osobama, Vupik je ovla\u0161ten pohraniti osobne informacije Korisnika i primatelja. Vupik je ovla\u0161ten koristiti osobne informacije Korisnika za rje\u0161avanje problema, provedbu administracijskih zadataka, uspostavljanje kontakta, po\u0161tivanje ugovora, uklju\u010duju\u0107i Uvjete kori\u0161tenja i Izjave o povjerljivosti podataka Vupikovih Internetskih stranica, po\u0161tivanje odgovaraju\u0107ih zakona te suradnju sa slu\u017ebama za provo\u0111enje zakona.<\/p>\n<p>Vupik je ovla\u0161ten prikupljati informacije koje ne identificiraju specifi\u010dnog Korisnika, uklju\u010duju\u0107i Uniform Resource Locator (URL) internetske stranice koju je Korisnik posjetio prije otvaranja Internetske stranice Vupika, URL internetske stranice koju je Korisnik posjetio nakon napu\u0161tanja Internetske stranice Vupika, vrsta pretra\u017eiva\u010da kojeg Korisnik koristi te Korisnikovu Internet Protocol (IP) adresu. Ovla\u0161teni pru\u017eatelji usluga i ogla\u0161iva\u010di, mogu automatski prikupljati ove informacije prilikom posjete ove Internetske stranice, putem \u201ekola\u010di\u0107a\u201c i drugih alata. Vupik koristi takve podatke isklju\u010divo za rje\u0161avanje problema, administriranje Internetske stranice, analizu trendova, skupljanje demografskih podataka, analizu sukladnosti s pozitivnim propisima i suradnju sa slu\u017ebama za provo\u0111enje zakona.<\/p>\n<p>Ovisno o vrstama aktivnosti, neke informacije su odre\u0111ene kao obavezne, a neke kao dobrovoljne. Ako Korisnik ne pru\u017ei obvezne informacije za odre\u0111enu aktivnost koja ih zahtijeva, ne\u0107e mu biti dopu\u0161teno uklju\u010divanje u takvu aktivnost. Vupik ne\u0107e prikupljati osobne podatke putem svojih internetskih stranica i to: ime i prezime, adresa, telefonski broj ili elektroni\u010dka adresa korisnika, osim ako ih Korisnik dobrovoljno prijavi registracijom Vupiku ili isto u\u010dini putem ankete, suglasno\u0161\u0107u i\/ili ako tako dopu\u0161taju va\u017ee\u0107i zakoni i propisi za za\u0161titu osobnih podataka.<\/p>\n<ol start=\"4\">\n<li>OBJAVLJIVANJE OSOBNIH INFORMACIJA<\/li>\n<\/ol>\n<p>Vupik ne\u0107e dijeliti Identifikacijske osobne informacije s drugim stranama, no mo\u017ee podijeliti informacije o Korisnicima povezanim tvrtkama koncerna \u010diji je Vupik \u010dlan.<\/p>\n<p>Vupik pru\u017ea odre\u0111ene usluge i proizvode preko tre\u0107ih strana. Tre\u0107i pru\u017eatelji usluga provode odre\u0111ene aktivnosti u ime i za ra\u010dun Vupika kao \u0161to su slanje i distribucija administrativnih i promocijskih e-mail poruka. Vupik mo\u017ee podijeliti osobne podatke Korisnika s takvim Pru\u017eateljima usluga za ispunjavanje narud\u017ebi, isporuku paketa, slanje zemaljske po\u0161te i e-mail po\u0161te, administriranje natjecanja, uklanjanje duplikata informacija na popisima klijenata, analizu podataka, pru\u017eanje usluga ogla\u0161avanja, osiguravanje rezultata pretrage i veze, obradu pla\u0107anja kreditnim karticama, upravljanje Internetskim stranicama, rje\u0161avanje problema, i pru\u017eanje korisni\u010dkih usluga.<\/p>\n<p>Vupik je ovla\u0161ten otkriti informacije o Korisniku u svrhu za\u0161tite Vupika i za\u0161tite drugih. Vupik je ovla\u0161tena otkriti Identifikacijske osobne informacije Korisnika kad je opravdano o\u010dekivati da \u0107e njihovo otkrivanje pomo\u0107i provo\u0111enju zakona ili je nu\u017eno kao posljedica sudskog naloga, da \u0107e osigurati sukladnost s ovom Izjavom o povjerljivosti podataka, Uvjetima o kori\u0161tenju Internetskih stranica Vupika ili drugim ugovorima; ili za\u0161tititi prava vlasni\u0161tva ili sigurnosti ovih Internetskih stranica, njihovih Korisnika ili drugih osoba.<\/p>\n<p>Ako Korisnik ne \u017eeli da se njegovi osobni podaci upotrebljavaju za podr\u0161ku odnosa s kupcima (osobito za izravni marketing ili istra\u017eivanje tr\u017ei\u0161ta), Vupik \u0107e po\u0161tovati Korisnikov izbor. Osobne identifikacijske podatke Vupik ne prodaje ni ne plasira na tr\u017ei\u0161te tre\u0107im osobama, osim pridru\u017eenim dru\u0161tvima.<\/p>\n<ol start=\"5\">\n<li>NADOPUNE I ISPRAVLJANJE INFORMACIJA<\/li>\n<\/ol>\n<p>Korisnik je ovla\u0161ten promijeniti bilo koji osobni podatak slanjem e-mail poruke ili promjenom profila korisnika. U e-mail poruci Korisnik je du\u017ean navesti ime i prezime, adresu i e-mail adresu, te koje informacije \u017eeli nadopuniti. Korisnik tako\u0111er mo\u017ee svakodobno zatra\u017eiti brisanje ili uklanjanje informacija o svom korisni\u010dkom ra\u010dunu. Korisnik je upoznat da Vupik ne mo\u017ee izbrisati informacije povezane s pro\u0161lim transakcijama na njenim Internetskim stranicama.<\/p>\n<ol start=\"6\">\n<li>IZBOR KORISNIKA U VEZI S PRIKUPLJANJEM I UPORABOM INFORMACIJA<\/li>\n<\/ol>\n<p>Korisnik ne mo\u017ee isklju\u010diti primanje Administrativnih e-mail poruka koje se odnose na Korisni\u010dku aktivnost na Internetskoj stranici, i uklju\u010duju poruke u vezi s odre\u0111enim Korisni\u010dkim ra\u010dunima, zahtjeve ili upite te poruke u vezi s kupnjom proizvoda i usluga. Korisnik ima mogu\u0107nost zatra\u017eiti promocijske e-mail poruke koje ogla\u0161avaju proizvode Vupika, uklju\u010duju\u0107i ekskluzivne prodajne i druge ponude, i\/ili proizvode i usluge povezanih tvrtki. Vupik \u0161alje promocijske e-mail poruke registriranim Korisnicima koji su odabrali opciju primanja promocijskih poruka. Ukoliko Korisnik ne \u017eeli primati promocijske e-mail poruke u bilo kojem trenutku nakon registriranja mo\u017eete odabrati opciju otkazivanja primanja promocijskih e-mail poruka. U slu\u010daju kontaktiranja, Korisnik treba navesti ime i prezime, adresu, e-mail adresu i koju vrstu promocijskih e-mail poruka vi\u0161e ne \u017eeli primati.<\/p>\n<ol start=\"7\">\n<li>ZA\u0160TITA PODATAKA<\/li>\n<\/ol>\n<p>Za za\u0161titu osobnih podataka od slu\u010dajnog ili nezakonitog uni\u0161tenja, gubitka ili izmjena te od neovla\u0161tenog otkrivanja ili pristupa Vupik poduzima tehni\u010dke i organizacijske mjere sigurnosti.<\/p>\n<p>Korisniku se preporu\u010duje ne otkrivati zaporku tre\u0107im osobama. Korisnik je upoznat s \u010dinjenicom da niti jedan prijenos podataka preko Interneta ili bilo koje be\u017ei\u010dne mre\u017ee ne mo\u017ee biti 100% siguran. Iako Vupik provodi komercijalno razumne za\u0161titne mjere za za\u0161titu podataka, ne mo\u017ee jam\u010diti za\u0161titu bilo koje informacije prenesene na ili s njene \u00a0Internetske stranice te nije odgovorna za radnje bilo koje tre\u0107e strane koja takve informacije primi.<\/p>\n<ol start=\"8\">\n<li>PRA\u0106ENJE PODATAKA<\/li>\n<\/ol>\n<p>Vupik je ovla\u0161ten pohranjivati na ra\u010dunalu Korisnika \u201ekola\u010di\u0107e\u201c koji sadr\u017ee informacije o Korisniku i koji se koriste radi u\u0161tede vremena Korisnika za vrijeme kori\u0161tenja Internetskih stranica Vupika, radi pra\u0107enja i usmjeravanja Korisnikovih interesa s ciljem pru\u017eanja usluga prilago\u0111enih svakom Korisniku. \u201eKola\u010di\u0107i\u201c tako\u0111er prikupljaju neosobne informacije Korisnika. Za prikazivanje oglasa na svojoj Internetskoj stranici Vupik mo\u017ee koristiti tre\u0107e agencije za ogla\u0161avanje. Kao dio njihove usluge tre\u0107e agencije mogu staviti odvojene \u201ekola\u010di\u0107e\u201c na ra\u010dunalo Korisnika, a nad kojima Vupik nema pristup ili kontrolu. Korisnik mo\u017ee urediti postavke pretra\u017eiva\u010da kako bi odbio \u201ekola\u010di\u0107e\u201c, u kojem slu\u010daju se mo\u017ee dogoditi da neki dijelovi Internetskih stranica Vupika mo\u017eda ne\u0107e pravilno raditi. Vupik mo\u017ee koristiti i druge standardne tehnologije za pra\u0107enje uporabe Internetskih stranica i promocija, te mo\u017ee dozvoliti Tre\u0107im pru\u017eateljima usluga kori\u0161tenje ove metode u ime Vupika.<\/p>\n<ol start=\"9\">\n<li>POVJERLJIVOST PODATAKA TRE\u0106IH INTERNETSKIH STRANICA<\/li>\n<\/ol>\n<p>Ova Izjava o povjerljivosti podataka se odnosi samo na uporabu i objavljivanje informacija koje Vupik prikuplja od Korisnika. Druge Internetske stranice kojima se mo\u017ee pristupiti putem Vupik Internetskih stranica imaju svoje izjave o povjerljivosti i prikupljanju podataka te na\u010dinima njihovog kori\u0161tenja i objavljivanja na njima. Vupik ne snosi odgovornost za na\u010dine i uvjete rada tre\u0107ih strana.<\/p>\n<ol start=\"10\">\n<li>MALOLJETNICI<\/li>\n<\/ol>\n<p>Maloljetne osobe mogu sudjelovati u promotivnim aktivnostima jedino i isklju\u010divo uz suglasnost roditelja, staratelja ili skrbnika. Vupik ne\u0107e svjesno prikupljati ili zadr\u017eavati informacije \u2013 osobne podatke djece mla\u0111e od 14 godina bez inzistiranja na tome da pridobiju suglasnost roditelja, ako tako zahtijeva va\u017ee\u0107i zakon. Osobne podatke djeteta Vupik \u0107e upotrebljavati ili objavljivati samo ako tako dopu\u0161ta zakon, uz suglasnost roditelja prema lokalnim zakonima ili propisima ili za\u0161tititi dijete.<\/p>\n<ol start=\"11\">\n<li>PRIMJENA IZJAVE<\/li>\n<\/ol>\n<p>Ova izjava primjenjuje se od 01. travnja 2019. do opoziva od strane Vupika.<\/p>\n","protected":false},"excerpt":{"rendered":"<p>UVODNE ODREDBE Pristupanjem i\/ili uporabom Internetskih stranica \u00a0dru\u0161tva VUPIK plus d.o.o., Sajmi\u0161te 113\/C, HR-32000 Vukovar, OIB: 81523019624 (dalje u tekstu: Vupik), Korisnik potvr\u0111uje da je pro\u010ditao, razumio te da je suglasan s Uvjetima povjerljivosti podataka i na\u010dinima uporabe istih. Ukoliko&#8230;<\/p>\n","protected":false},"author":1,"featured_media":0,"parent":0,"menu_order":0,"comment_status":"closed","ping_status":"closed","template":"","meta":{"footnotes":""},"class_list":["post-24778","page","type-page","status-publish"],"_links":{"self":[{"href":"https:\/\/www.vupik.hr\/index.php?rest_route=\/wp\/v2\/pages\/24778","targetHints":{"allow":["GET"]}}],"collection":[{"href":"https:\/\/www.vupik.hr\/index.php?rest_route=\/wp\/v2\/pages"}],"about":[{"href":"https:\/\/www.vupik.hr\/index.php?rest_route=\/wp\/v2\/types\/page"}],"author":[{"embeddable":true,"href":"https:\/\/www.vupik.hr\/index.php?rest_route=\/wp\/v2\/users\/1"}],"replies":[{"embeddable":true,"href":"https:\/\/www.vupik.hr\/index.php?rest_route=%2Fwp%2Fv2%2Fcomments&post=24778"}],"version-history":[{"count":2,"href":"https:\/\/www.vupik.hr\/index.php?rest_route=\/wp\/v2\/pages\/24778\/revisions"}],"predecessor-version":[{"id":24780,"href":"https:\/\/www.vupik.hr\/index.php?rest_route=\/wp\/v2\/pages\/24778\/revisions\/24780"}],"wp:attachment":[{"href":"https:\/\/www.vupik.hr\/index.php?rest_route=%2Fwp%2Fv2%2Fmedia&parent=24778"}],"curies":[{"name":"wp","href":"https:\/\/api.w.org\/{rel}","templated":true}]}}