{"id":24713,"date":"2019-04-29T20:34:54","date_gmt":"2019-04-29T18:34:54","guid":{"rendered":"http:\/\/www.vupik.hr\/?page_id=24713"},"modified":"2019-05-14T10:53:09","modified_gmt":"2019-05-14T08:53:09","slug":"vinogradarstvo-i-vinarstvo","status":"publish","type":"page","link":"https:\/\/www.vupik.hr\/?page_id=24713","title":{"rendered":"Vinogradarstvo i vinarstvo"},"content":{"rendered":"<p>U vlasni\u0161tvu Vupika nalazi se 120 hektara vinograda. Velikim investicijama u mehanizaciju, stvoreni su uvjeti za bolju iskori\u0161tenost gro\u017e\u0111a, a ujedno i pobolj\u0161anje kvalitete vina. Pove\u0107anjem kapaciteta vinarije, osuvremenivanjem punionice vina kao i osiguravanjem vrhunskih tehnolo\u0161kih uvjeta za proizvodnju, stvaraju se preduvjeti za ponovno pozicioniranje Vupika kao prepoznatljivog proizvo\u0111a\u010da vina.<\/p>\n\n\n<figure class=\"wp-block-image\"><img decoding=\"async\" width=\"1024\" height=\"808\" src=\"https:\/\/www.vupik.hr\/wp-content\/uploads\/2019\/05\/vinarstvo_vupik-1024x808.jpg\" alt=\"\" class=\"wp-image-24762\" srcset=\"https:\/\/www.vupik.hr\/wp-content\/uploads\/2019\/05\/vinarstvo_vupik-1024x808.jpg 1024w, https:\/\/www.vupik.hr\/wp-content\/uploads\/2019\/05\/vinarstvo_vupik-300x237.jpg 300w, https:\/\/www.vupik.hr\/wp-content\/uploads\/2019\/05\/vinarstvo_vupik-768x606.jpg 768w, https:\/\/www.vupik.hr\/wp-content\/uploads\/2019\/05\/vinarstvo_vupik.jpg 1900w\" sizes=\"(max-width: 1024px) 100vw, 1024px\" \/><\/figure>\n","protected":false},"excerpt":{"rendered":"<p>U vlasni\u0161tvu Vupika nalazi se 120 hektara vinograda. Velikim investicijama u mehanizaciju, stvoreni su uvjeti za bolju iskori\u0161tenost gro\u017e\u0111a, a ujedno i pobolj\u0161anje kvalitete vina. Pove\u0107anjem kapaciteta vinarije, osuvremenivanjem punionice vina kao i osiguravanjem vrhunskih tehnolo\u0161kih uvjeta za proizvodnju, stvaraju&#8230;<\/p>\n","protected":false},"author":1,"featured_media":0,"parent":0,"menu_order":0,"comment_status":"closed","ping_status":"closed","template":"","meta":{"footnotes":""},"class_list":["post-24713","page","type-page","status-publish"],"_links":{"self":[{"href":"https:\/\/www.vupik.hr\/index.php?rest_route=\/wp\/v2\/pages\/24713","targetHints":{"allow":["GET"]}}],"collection":[{"href":"https:\/\/www.vupik.hr\/index.php?rest_route=\/wp\/v2\/pages"}],"about":[{"href":"https:\/\/www.vupik.hr\/index.php?rest_route=\/wp\/v2\/types\/page"}],"author":[{"embeddable":true,"href":"https:\/\/www.vupik.hr\/index.php?rest_route=\/wp\/v2\/users\/1"}],"replies":[{"embeddable":true,"href":"https:\/\/www.vupik.hr\/index.php?rest_route=%2Fwp%2Fv2%2Fcomments&post=24713"}],"version-history":[{"count":2,"href":"https:\/\/www.vupik.hr\/index.php?rest_route=\/wp\/v2\/pages\/24713\/revisions"}],"predecessor-version":[{"id":24763,"href":"https:\/\/www.vupik.hr\/index.php?rest_route=\/wp\/v2\/pages\/24713\/revisions\/24763"}],"wp:attachment":[{"href":"https:\/\/www.vupik.hr\/index.php?rest_route=%2Fwp%2Fv2%2Fmedia&parent=24713"}],"curies":[{"name":"wp","href":"https:\/\/api.w.org\/{rel}","templated":true}]}}