{"id":24711,"date":"2019-04-29T20:34:28","date_gmt":"2019-04-29T18:34:28","guid":{"rendered":"http:\/\/www.vupik.hr\/?page_id=24711"},"modified":"2019-05-14T10:43:11","modified_gmt":"2019-05-14T08:43:11","slug":"svinjogojstvo","status":"publish","type":"page","link":"https:\/\/www.vupik.hr\/?page_id=24711","title":{"rendered":"Svinjogojstvo"},"content":{"rendered":"<p>Svinjogojska proizvodnja u Vupiku, bazirana je na PIC (Pig Improvement Company) genetskoj osnovi, najve\u0107e svjetske korporacije kod genetike svinja, te se odvija na \u010detiri proizvodne jedinice (farme).<\/p>\n<p>Primjenom najsuvremenijih tehnologija i metoda, uz visoke sigurnosne mjere, stu\u010dno vodstvo i visoko osposobljene i educirane djelatnike, osigurava se visok zdravstveni status u svim fazama proizvodnog ciklusa. Sto\u010dna hrana koja se koristi u hranidbi svinja, pripremljena je od sirovina iz vlastite proizvodnje, \u010dime se prati princip kontrolirane sljedivosti.<\/p>\n<p>Velikim investicijama i izgradnjom najmodernijih objekata sa suvremenom opremom dr\u017eanja i hranjenja svinja, Vupik ostvaruje vrhunske rezultate.<\/p>\n\n\n<figure class=\"wp-block-image\"><img decoding=\"async\" width=\"1024\" height=\"808\" src=\"https:\/\/www.vupik.hr\/wp-content\/uploads\/2019\/05\/svinjogojstvo_vupik-1024x808.jpg\" alt=\"\" class=\"wp-image-24760\" srcset=\"https:\/\/www.vupik.hr\/wp-content\/uploads\/2019\/05\/svinjogojstvo_vupik-1024x808.jpg 1024w, https:\/\/www.vupik.hr\/wp-content\/uploads\/2019\/05\/svinjogojstvo_vupik-300x237.jpg 300w, https:\/\/www.vupik.hr\/wp-content\/uploads\/2019\/05\/svinjogojstvo_vupik-768x606.jpg 768w, https:\/\/www.vupik.hr\/wp-content\/uploads\/2019\/05\/svinjogojstvo_vupik.jpg 1900w\" sizes=\"(max-width: 1024px) 100vw, 1024px\" \/><\/figure>\n","protected":false},"excerpt":{"rendered":"<p>Svinjogojska proizvodnja u Vupiku, bazirana je na PIC (Pig Improvement Company) genetskoj osnovi, najve\u0107e svjetske korporacije kod genetike svinja, te se odvija na \u010detiri proizvodne jedinice (farme). Primjenom najsuvremenijih tehnologija i metoda, uz visoke sigurnosne mjere, stu\u010dno vodstvo i visoko&#8230;<\/p>\n","protected":false},"author":1,"featured_media":0,"parent":0,"menu_order":0,"comment_status":"closed","ping_status":"closed","template":"","meta":{"footnotes":""},"class_list":["post-24711","page","type-page","status-publish"],"_links":{"self":[{"href":"https:\/\/www.vupik.hr\/index.php?rest_route=\/wp\/v2\/pages\/24711","targetHints":{"allow":["GET"]}}],"collection":[{"href":"https:\/\/www.vupik.hr\/index.php?rest_route=\/wp\/v2\/pages"}],"about":[{"href":"https:\/\/www.vupik.hr\/index.php?rest_route=\/wp\/v2\/types\/page"}],"author":[{"embeddable":true,"href":"https:\/\/www.vupik.hr\/index.php?rest_route=\/wp\/v2\/users\/1"}],"replies":[{"embeddable":true,"href":"https:\/\/www.vupik.hr\/index.php?rest_route=%2Fwp%2Fv2%2Fcomments&post=24711"}],"version-history":[{"count":2,"href":"https:\/\/www.vupik.hr\/index.php?rest_route=\/wp\/v2\/pages\/24711\/revisions"}],"predecessor-version":[{"id":24761,"href":"https:\/\/www.vupik.hr\/index.php?rest_route=\/wp\/v2\/pages\/24711\/revisions\/24761"}],"wp:attachment":[{"href":"https:\/\/www.vupik.hr\/index.php?rest_route=%2Fwp%2Fv2%2Fmedia&parent=24711"}],"curies":[{"name":"wp","href":"https:\/\/api.w.org\/{rel}","templated":true}]}}