{"id":24706,"date":"2019-04-29T20:33:16","date_gmt":"2019-04-29T18:33:16","guid":{"rendered":"http:\/\/www.vupik.hr\/?page_id=24706"},"modified":"2024-07-05T20:25:21","modified_gmt":"2024-07-05T18:25:21","slug":"pretovarna-luka","status":"publish","type":"page","link":"https:\/\/www.vupik.hr\/?page_id=24706","title":{"rendered":"Pretovarna luka"},"content":{"rendered":"<p>Jedna od najve\u0107ih investicija u Vupiku je investicija na Silosu Dunav, to\u010dnije izgradnja najmodernijeg rije\u010dnog terminala na Dunavu. Terminal je smje\u0161ten na lokaciji Silosa Dunav u Vukovaru, na desnoj obali rijeke Dunav. Namjenjena je za pretovar \u017eitarica, uljarica i ostalih sipkih materijala, kapaciteta 200t\/h. Kompletno je povezan sa silosom i utovarno istovarnim kapacitetima na \u017eeljeznici, kao i s kamionskim utovarno istovarnim kapacitetima.<\/p>\n<p>Izgra\u0111ena je i najsuvremenija direktna su\u0161ara LAW sa aspiracijom i recirkulacijom toplog zraka, kapaciteta 30t\/h, koja kao energent koristi plin. Monta\u017eom ove su\u0161are ostvarene su brojne u\u0161tede, pri \u010demu je posebna pozornost posve\u0107ena za\u0161titi okoli\u0161a i u\u0161tedama energije.<\/p>\n\n\n<figure class=\"wp-block-image\"><img decoding=\"async\" width=\"1024\" height=\"808\" src=\"https:\/\/www.vupik.hr\/wp-content\/uploads\/2019\/05\/pretovarna_luka_vupik-1024x808.jpg\" alt=\"\" class=\"wp-image-24756\" srcset=\"https:\/\/www.vupik.hr\/wp-content\/uploads\/2019\/05\/pretovarna_luka_vupik-1024x808.jpg 1024w, https:\/\/www.vupik.hr\/wp-content\/uploads\/2019\/05\/pretovarna_luka_vupik-300x237.jpg 300w, https:\/\/www.vupik.hr\/wp-content\/uploads\/2019\/05\/pretovarna_luka_vupik-768x606.jpg 768w, https:\/\/www.vupik.hr\/wp-content\/uploads\/2019\/05\/pretovarna_luka_vupik.jpg 1900w\" sizes=\"(max-width: 1024px) 100vw, 1024px\" \/><\/figure>\n","protected":false},"excerpt":{"rendered":"<p>Jedna od najve\u0107ih investicija u Vupiku je investicija na Silosu Dunav, to\u010dnije izgradnja najmodernijeg rije\u010dnog terminala na Dunavu. Terminal je smje\u0161ten na lokaciji Silosa Dunav u Vukovaru, na desnoj obali rijeke Dunav. Namjenjena je za pretovar \u017eitarica, uljarica i ostalih&#8230;<\/p>\n","protected":false},"author":1,"featured_media":0,"parent":0,"menu_order":0,"comment_status":"closed","ping_status":"closed","template":"","meta":{"footnotes":""},"class_list":["post-24706","page","type-page","status-publish"],"_links":{"self":[{"href":"https:\/\/www.vupik.hr\/index.php?rest_route=\/wp\/v2\/pages\/24706","targetHints":{"allow":["GET"]}}],"collection":[{"href":"https:\/\/www.vupik.hr\/index.php?rest_route=\/wp\/v2\/pages"}],"about":[{"href":"https:\/\/www.vupik.hr\/index.php?rest_route=\/wp\/v2\/types\/page"}],"author":[{"embeddable":true,"href":"https:\/\/www.vupik.hr\/index.php?rest_route=\/wp\/v2\/users\/1"}],"replies":[{"embeddable":true,"href":"https:\/\/www.vupik.hr\/index.php?rest_route=%2Fwp%2Fv2%2Fcomments&post=24706"}],"version-history":[{"count":4,"href":"https:\/\/www.vupik.hr\/index.php?rest_route=\/wp\/v2\/pages\/24706\/revisions"}],"predecessor-version":[{"id":25114,"href":"https:\/\/www.vupik.hr\/index.php?rest_route=\/wp\/v2\/pages\/24706\/revisions\/25114"}],"wp:attachment":[{"href":"https:\/\/www.vupik.hr\/index.php?rest_route=%2Fwp%2Fv2%2Fmedia&parent=24706"}],"curies":[{"name":"wp","href":"https:\/\/api.w.org\/{rel}","templated":true}]}}