{"id":24702,"date":"2019-04-29T20:30:55","date_gmt":"2019-04-29T18:30:55","guid":{"rendered":"http:\/\/www.vupik.hr\/?page_id=24702"},"modified":"2019-05-14T10:28:21","modified_gmt":"2019-05-14T08:28:21","slug":"ratarstvo-i-povrtlarstvo","status":"publish","type":"page","link":"https:\/\/www.vupik.hr\/?page_id=24702","title":{"rendered":"Ratarstvo i povrtlarstvo"},"content":{"rendered":"<p>[vc_row][vc_column][vc_column_text]U ratarskoj proizvodnji, Vupik ukupno obra\u0111uje oko 7.200 hektara poljoprivrednog zemlji\u0161ta. Blizina Dunava i zemlji\u0161te najbolje kvalitete, osigurava vrhunske rezultate u proizvodnji \u017eitarica i uljarica. Najzastupljenjije ratarske kulture, uz industrijsko i krmno bilje su: p\u0161enica, suncokret, soja, kukuruz i \u0161e\u0107erna repa. Osim klasi\u010dne ratarske proizvodnje , 2015. godine pokrenuta je i sjemenska proizvodnja kukuruza, soje i lucerne.<\/p>\n<p>Povrtlarska proizvodnja se na Vupik-u\u00a0 odvija na povr\u0161inama oko akumulacije Grabovo. Trenutna se proizvodnja odvija na 545 ha povr\u0161ina koje se navodnjavaju sa ukupno 10 sustava za navodnjavanje (tipa Centar Pivot). Od povrtlarskih kultura zastupljene su: luk, gra\u0161ak, kukuruz \u0161e\u0107erac i mrkva.[\/vc_column_text][\/vc_column][\/vc_row][vc_row][vc_column][vc_single_image image=&#8221;24753&#8243; img_size=&#8221;full&#8221;][\/vc_column][\/vc_row]<\/p>\n","protected":false},"excerpt":{"rendered":"<p>[vc_row][vc_column][vc_column_text]U ratarskoj proizvodnji, Vupik ukupno obra\u0111uje oko 7.200 hektara poljoprivrednog zemlji\u0161ta. Blizina Dunava i zemlji\u0161te najbolje kvalitete, osigurava vrhunske rezultate u proizvodnji \u017eitarica i uljarica. Najzastupljenjije ratarske kulture, uz industrijsko i krmno bilje su: p\u0161enica, suncokret, soja, kukuruz i \u0161e\u0107erna&#8230;<\/p>\n","protected":false},"author":1,"featured_media":0,"parent":0,"menu_order":0,"comment_status":"closed","ping_status":"closed","template":"","meta":{"footnotes":""},"class_list":["post-24702","page","type-page","status-publish"],"_links":{"self":[{"href":"https:\/\/www.vupik.hr\/index.php?rest_route=\/wp\/v2\/pages\/24702","targetHints":{"allow":["GET"]}}],"collection":[{"href":"https:\/\/www.vupik.hr\/index.php?rest_route=\/wp\/v2\/pages"}],"about":[{"href":"https:\/\/www.vupik.hr\/index.php?rest_route=\/wp\/v2\/types\/page"}],"author":[{"embeddable":true,"href":"https:\/\/www.vupik.hr\/index.php?rest_route=\/wp\/v2\/users\/1"}],"replies":[{"embeddable":true,"href":"https:\/\/www.vupik.hr\/index.php?rest_route=%2Fwp%2Fv2%2Fcomments&post=24702"}],"version-history":[{"count":11,"href":"https:\/\/www.vupik.hr\/index.php?rest_route=\/wp\/v2\/pages\/24702\/revisions"}],"predecessor-version":[{"id":24755,"href":"https:\/\/www.vupik.hr\/index.php?rest_route=\/wp\/v2\/pages\/24702\/revisions\/24755"}],"wp:attachment":[{"href":"https:\/\/www.vupik.hr\/index.php?rest_route=%2Fwp%2Fv2%2Fmedia&parent=24702"}],"curies":[{"name":"wp","href":"https:\/\/api.w.org\/{rel}","templated":true}]}}