{"id":22,"date":"2019-03-27T23:01:23","date_gmt":"2019-03-27T22:01:23","guid":{"rendered":"http:\/\/www.vupik.hr\/vupikplus\/?page_id=22"},"modified":"2026-02-02T11:59:32","modified_gmt":"2026-02-02T10:59:32","slug":"povijest-i-tradicija","status":"publish","type":"page","link":"https:\/\/www.vupik.hr\/?page_id=22","title":{"rendered":"Povijest i tradicija"},"content":{"rendered":"<p>[vc_row css=&#8221;.vc_custom_1770029970649{background-image: url(https:\/\/www.vupik.hr\/wp-content\/uploads\/2016\/03\/Fullwidth-Post-Sample-header.jpg?id=11609) !important;}&#8221;][vc_column width=&#8221;1\/2&#8243;][vc_column_text]Po\u010detkom velja\u010de 2025. upravljanje Vupikom preuzima Podravka Agri, kompanija s najve\u0107im poljoprivrednim kapacitetima u regiji. Podravka Agri je u 84,99 postotnom vlasni\u0161tvu Podravke d.d., dok preostali dio od 15,01 posto dr\u017ei Europska banka za obnovu i razvoj.[\/vc_column_text][\/vc_column][vc_column width=&#8221;1\/2&#8243;][vc_icon icon_fontawesome=&#8221;fa fa-long-arrow-left&#8221; color=&#8221;custom&#8221; size=&#8221;lg&#8221; css_animation=&#8221;fadeInRight&#8221; custom_color=&#8221;#056839&#8243;]<div class=\"clearboth\"><\/div><div class=\"gem-divider \" style=\"margin-top: -35px;margin-bottom: -35px;\"><\/div><div data-number-format=\"(ddd).ddd\" class=\"gem-counter-box row inline-row inline-row-center gem-counter-style-1\" ><div class=\"gem-counter col-xs-12 inline-column gem-counter-effect-simple\" ><div class=\"gem-counter-inner\"><div class=\"gem-counter-number\" style=\"color: #056839\"><div class=\"gem-counter-odometer\" data-to=\"2025\">0<\/div><\/div><div class=\"gem-counter-text styled-subtitle\">Ulazak u Podravka grupu<\/div><\/div><\/div><\/div>[\/vc_column][\/vc_row][vc_row][vc_column width=&#8221;1\/2&#8243;][vc_icon icon_fontawesome=&#8221;fa fa-long-arrow-right&#8221; color=&#8221;custom&#8221; size=&#8221;lg&#8221; align=&#8221;right&#8221; css_animation=&#8221;fadeInLeft&#8221; custom_color=&#8221;#056839&#8243;]<div class=\"clearboth\"><\/div><div class=\"gem-divider \" style=\"margin-top: -35px;margin-bottom: -35px;\"><\/div><div data-number-format=\"(ddd).ddd\" class=\"gem-counter-box row inline-row inline-row-center gem-counter-style-1\" ><div class=\"gem-counter col-xs-12 inline-column gem-counter-effect-simple\" ><div class=\"gem-counter-inner\"><div class=\"gem-counter-number\" style=\"color: #056839\"><div class=\"gem-counter-odometer\" data-to=\"2019.\">0<\/div><\/div><div class=\"gem-counter-text styled-subtitle\">Ulazak u Fortenova grupu<\/div><\/div><\/div><\/div>[\/vc_column][vc_column width=&#8221;1\/2&#8243;][vc_column_text]Nakon \u0161to je, u srpnju 2018. od strane vjerovnika izglasana te rje\u0161enjem Trgova\u010dkog suda u Zagrebu, potvr\u0111ena nagodba u postupku izvanredne uprave nad Agrokor d.d. i njegovim ovisnim i povezanim dru\u0161tvima, zapo\u010deo je proces pripreme njezine provedbe. Dana 1. travnja 2019. (datum po\u010detka provedbe nagodbe) izvr\u0161en je prijenos gospodarske cjeline na Fortenova Grupa d.d., odnosno na VUPIK plus d.o.o., kompaniju u vlasni\u0161tvu Fortenova Grupe.[\/vc_column_text][\/vc_column][\/vc_row][vc_row][vc_column width=&#8221;1\/2&#8243;][vc_column_text]Od 13. sije\u010dnja 2010 godine, Vupik d.d. posluje unutar Agrokor koncerna, najve\u0107eg proizvo\u0111a\u010da hrane u ovom dijelu Europe te danas predstavlja poljoprivredno prehrambeni kombinat sa velikom perspektivom razvoja. Velika ulaganja od samoga po\u010detka, usmjerena su u sve segmente proizvodnje, od ratarstva i sto\u010darststva, preko nove poljoprivredne mehanizacije za ratarsku proizvodnju, sve do rekonstrukcije silosnih kapaciteta u luci, vinarije, rekonstrukcije govedarskih farmi i izgradnje vinogradarske ku\u0107e Goldschmidt. Uvo\u0111enjem najsuvremenijih svjetskih tehnologija Vupik danas istovremeno prati trend proizvodnje zdrave hrane i ekolo\u0161ke standarde.[\/vc_column_text][\/vc_column][vc_column width=&#8221;1\/2&#8243;][vc_icon icon_fontawesome=&#8221;fa fa-long-arrow-left&#8221; color=&#8221;custom&#8221; size=&#8221;lg&#8221; css_animation=&#8221;fadeInRight&#8221; custom_color=&#8221;#056839&#8243;]<div class=\"clearboth\"><\/div><div class=\"gem-divider \" style=\"margin-top: -35px;margin-bottom: -35px;\"><\/div><div data-number-format=\"(ddd).ddd\" class=\"gem-counter-box row inline-row inline-row-center gem-counter-style-1\" ><div class=\"gem-counter col-xs-12 inline-column gem-counter-effect-simple\" ><div class=\"gem-counter-inner\"><div class=\"gem-counter-number\" style=\"color: #056839\"><div class=\"gem-counter-odometer\" data-to=\"2010\">0<\/div><\/div><div class=\"gem-counter-text styled-subtitle\">Ulazak u koncern Agrokor<\/div><\/div><\/div><\/div>[\/vc_column][\/vc_row][vc_row css=&#8221;.vc_custom_1553805298811{background-image: url(http:\/\/www.vupik.hr\/vupikplus\/wp-content\/uploads\/2016\/03\/Fullwidth-Post-Sample-header.jpg?id=11609) !important;}&#8221;][vc_column width=&#8221;1\/2&#8243;][vc_icon icon_fontawesome=&#8221;fa fa-long-arrow-right&#8221; color=&#8221;custom&#8221; size=&#8221;lg&#8221; align=&#8221;right&#8221; css_animation=&#8221;fadeInLeft&#8221; custom_color=&#8221;#056839&#8243;]<div class=\"clearboth\"><\/div><div class=\"gem-divider \" style=\"margin-top: -35px;margin-bottom: -35px;\"><\/div><div data-number-format=\"(ddd).ddd\" class=\"gem-counter-box row inline-row inline-row-center gem-counter-style-1\" ><div class=\"gem-counter col-xs-12 inline-column gem-counter-effect-simple\" ><div class=\"gem-counter-inner\"><div class=\"gem-counter-number\" style=\"color: #056839\"><div class=\"gem-counter-odometer\" data-to=\"1998\">0<\/div><\/div><div class=\"gem-counter-text styled-subtitle\">Mirna reintegracija<\/div><\/div><\/div><\/div>[\/vc_column][vc_column width=&#8221;1\/2&#8243;][vc_column_text]1998. godine, nakon mirne reintegracije, Vupik nastavlja proizvodnju kao jedinstveno dru\u0161tvo, sa znatnim o\u0161te\u010denjima prouzrokovanih ratom. 31. svibnja 1999. godine dolazi do izdvajanja Vinogradarstva Ilok sa 800 hektara zemlji\u0161ta. Agro-Tovarnik izdvaja se 2000. godine sa 3600 hektara zemlji\u0161ta, a 2002. godine i Luka Vukovar. Od tada Vupik nastavlja poslovanje u sada\u0161njim okvirima.[\/vc_column_text][\/vc_column][\/vc_row][vc_row][vc_column width=&#8221;1\/2&#8243;][vc_column_text]1991.godine dolazi do velikih demokratskih promjena, srpske agresije te okupacije Vukovara. Objekti Vupika podnjeli su te\u0161ka o\u0161te\u0107enja. U razdoblju od 1991. do 1998. godine, zbog ratnih djelovanja svoj pravni kontinuitet u Republici Hrvatskoj, Vupik nastavlja u Zagrebu, a na poljoprivrednim povr\u0161inama proizvodnja se nastavlja u razli\u010ditim oblicima. Godine 1994. Vupik se organizira kao dioni\u010dko dru\u0161tvo u ve\u0107inskom vlasni\u0161tvu Hrvatskog fonda za privatizaciju. Dru\u0161tvo Vupik d.d. upisano je 14.07.1995. godine u sudski registar Trgova\u010dkog suda u Osijeku kao dioni\u010dko dru\u0161tvo.[\/vc_column_text][\/vc_column][vc_column width=&#8221;1\/2&#8243;][vc_icon icon_fontawesome=&#8221;fa fa-long-arrow-left&#8221; color=&#8221;custom&#8221; size=&#8221;lg&#8221; css_animation=&#8221;fadeInRight&#8221; custom_color=&#8221;#056839&#8243;]<div class=\"clearboth\"><\/div><div class=\"gem-divider \" style=\"margin-top: -35px;margin-bottom: -35px;\"><\/div><div data-number-format=\"(ddd).ddd\" class=\"gem-counter-box row inline-row inline-row-center gem-counter-style-1\" ><div class=\"gem-counter col-xs-12 inline-column gem-counter-effect-simple\" ><div class=\"gem-counter-inner\"><div class=\"gem-counter-number\" style=\"color: #056839\"><div class=\"gem-counter-odometer\" data-to=\"1991\">0<\/div><\/div><div class=\"gem-counter-text styled-subtitle\">Agresija na Vukovar i okupacija<\/div><\/div><\/div><\/div>[\/vc_column][\/vc_row][vc_row css=&#8221;.vc_custom_1553805371040{background-image: url(http:\/\/www.vupik.hr\/vupikplus\/wp-content\/uploads\/2016\/03\/Fullwidth-Post-Sample-header.jpg?id=11609) !important;}&#8221;][vc_column width=&#8221;1\/2&#8243;][vc_icon icon_fontawesome=&#8221;fa fa-long-arrow-right&#8221; color=&#8221;custom&#8221; size=&#8221;lg&#8221; align=&#8221;right&#8221; css_animation=&#8221;fadeInLeft&#8221; custom_color=&#8221;#056839&#8243;]<div class=\"clearboth\"><\/div><div class=\"gem-divider \" style=\"margin-top: -35px;margin-bottom: -35px;\"><\/div><div data-number-format=\"(ddd).ddd\" class=\"gem-counter-box row inline-row inline-row-center gem-counter-style-1\" ><div class=\"gem-counter col-xs-12 inline-column gem-counter-effect-simple\" ><div class=\"gem-counter-inner\"><div class=\"gem-counter-number\" style=\"color: #056839\"><div class=\"gem-counter-odometer\" data-to=\"1974\">0<\/div><\/div><div class=\"gem-counter-text styled-subtitle\">Gradnja novih pogona<\/div><\/div><\/div><\/div>[\/vc_column][vc_column width=&#8221;1\/2&#8243;][vc_column_text]Od 1974. godine\u00a0 PIK Vukovar se razvija velikom brzinom. 1980. godine izgra\u0111uje se Hotel Dunav u samome sredi\u0161tu grada Vukovara. U to vrijeme, 1981. godine, SOUR PIK-a Vukovar raspola\u017ee sa 14.000 ha oranica sa najsuvremenijom mehanizacijom, govedarskom i svinjogojskom farmom, 750 ha planta\u017enih vinograda sa podrumima, silosnim kapacitetom, posjeduje mlin, tvornicu sto\u010dne hrane, modernu klaonicu i pogon za doradu sjemenskih roba. 1982. godine SOUR PIK Vukovar mijenja svoj naziv i posluje pod imenom VUPIK Vukovar, sa svojim za\u0161titnim znakom, stiliziranom Vu\u010dedolskom golubicom. I dalje se nastavlja pove\u0107anje obradivih povr\u0161ina, proizvodnje i produktivnosti, \u010dime Vupik postaje najbolji kombinat u na\u0161oj dr\u017eavi\u00a0 i \u0161ire. 1989. godine dolazi do promjene Zakona o poduze\u0107u te od tada Vupik posluje kao R.O. Vupik Vukovar.[\/vc_column_text][\/vc_column][\/vc_row][vc_row][vc_column width=&#8221;1\/2&#8243;][vc_column_text]Pripajanjem poljoprivrednih zadruga od 1960. \u2013 1964. god. pove\u0107ava se posjed i kori\u0161tenje poljoprivrednog zemlji\u0161ta, nakon \u010dega se poljoprivredno dobro organizira u PIK Vukovar (Poljoprivredno industrijski kombinat Vukovar). U tim godinama PIK Vukovar obra\u0111uje velike povr\u0161ine zemlje od Osijeka do Iloka i Tovarnika i postaje zna\u010dajan faktor u proizvodnji poljoprivrednih proizvoda u tada\u0161njoj dr\u017eavi.[\/vc_column_text][\/vc_column][vc_column width=&#8221;1\/2&#8243;][vc_icon icon_fontawesome=&#8221;fa fa-long-arrow-left&#8221; color=&#8221;custom&#8221; size=&#8221;lg&#8221; css_animation=&#8221;fadeInRight&#8221; custom_color=&#8221;#056839&#8243;]<div class=\"clearboth\"><\/div><div class=\"gem-divider \" style=\"margin-top: -35px;margin-bottom: -35px;\"><\/div><div data-number-format=\"(ddd).ddd\" class=\"gem-counter-box row inline-row inline-row-center gem-counter-style-1\" ><div class=\"gem-counter col-xs-12 inline-column gem-counter-effect-simple\" ><div class=\"gem-counter-inner\"><div class=\"gem-counter-number\" style=\"color: #056839\"><div class=\"gem-counter-odometer\" data-to=\"1964\">0<\/div><\/div><div class=\"gem-counter-text styled-subtitle\">Formira se PIK Vukovar<\/div><\/div><\/div><\/div>[\/vc_column][\/vc_row][vc_row css=&#8221;.vc_custom_1553805389425{background-image: url(http:\/\/www.vupik.hr\/vupikplus\/wp-content\/uploads\/2016\/03\/Fullwidth-Post-Sample-header.jpg?id=11609) !important;}&#8221;][vc_column width=&#8221;1\/2&#8243;][vc_icon icon_fontawesome=&#8221;fa fa-long-arrow-right&#8221; color=&#8221;custom&#8221; size=&#8221;lg&#8221; align=&#8221;right&#8221; css_animation=&#8221;fadeInLeft&#8221; custom_color=&#8221;#056839&#8243;]<div class=\"clearboth\"><\/div><div class=\"gem-divider \" style=\"margin-top: -35px;margin-bottom: -35px;\"><\/div><div data-number-format=\"(ddd).ddd\" class=\"gem-counter-box row inline-row inline-row-center gem-counter-style-1\" ><div class=\"gem-counter col-xs-12 inline-column gem-counter-effect-simple\" ><div class=\"gem-counter-inner\"><div class=\"gem-counter-number\" style=\"color: #056839\"><div class=\"gem-counter-odometer\" data-to=\"1945\">0<\/div><\/div><div class=\"gem-counter-text styled-subtitle\">Formiranje saveznog poljoprivrednog dobra Vukovar<\/div><\/div><\/div><\/div>[\/vc_column][vc_column width=&#8221;1\/2&#8243;][vc_column_text]Po\u010deci Vupika se\u017eu u 1945. godinu, kada je formirano Savezno poljoprivredno dobro Vukovar. Jezgru je predstavljalo zemlji\u0161te biv\u0161e grofovije Eltz (Ov\u010dara, Gornjak, Jakobovac i Grabovo) sa cca 800 jutara oranica. Kasnije su pripojene povr\u0161ine veleposjednika i agrarni vi\u0161ak u mjestima Dubrava, Lug, Ilok i Sremski Borac, a u Ba\u010dkoj: Labudnja\u010da, \u017diva i Nizine. U po\u010detku stvaranja, Savezno poljoprivredno dobro Vukovar imalo je vrlo te\u0161ke uvjete za proizvodnju, koja se temljila uglavnom na konjskim spregama i ratilima zaostalima od prije rata. U to vrijeme Poljoprivredno dobro zapo\u0161ljavalo je oko 2.000 radnika. 1949. godine Dobro vi\u0161e nije bilo od saveznog zna\u010daja, te se formira Republi\u010dko poljoprivredno dobro, kasnije nazvano PK Vukovar, koje u posjedu ima oko 3000 hektara poljoprivrednog zemlji\u0161ta.\u00a0 Iste godine formiran je prvi radni\u010dki savjet I Upravni odbor, \u010dime prestaje administrativni na\u010din upravljanja.[\/vc_column_text][\/vc_column][\/vc_row]<\/p>\n","protected":false},"excerpt":{"rendered":"<p>[vc_row css=&#8221;.vc_custom_1770029970649{background-image: url(https:\/\/www.vupik.hr\/wp-content\/uploads\/2016\/03\/Fullwidth-Post-Sample-header.jpg?id=11609) !important;}&#8221;][vc_column width=&#8221;1\/2&#8243;][vc_column_text]Po\u010detkom velja\u010de 2025. upravljanje Vupikom preuzima Podravka Agri, kompanija s najve\u0107im poljoprivrednim kapacitetima u regiji. Podravka Agri je u 84,99 postotnom vlasni\u0161tvu Podravke d.d., dok preostali dio od 15,01 posto dr\u017ei Europska banka za obnovu i&#8230;<\/p>\n","protected":false},"author":1,"featured_media":0,"parent":0,"menu_order":0,"comment_status":"closed","ping_status":"closed","template":"","meta":{"footnotes":""},"class_list":["post-22","page","type-page","status-publish"],"_links":{"self":[{"href":"https:\/\/www.vupik.hr\/index.php?rest_route=\/wp\/v2\/pages\/22","targetHints":{"allow":["GET"]}}],"collection":[{"href":"https:\/\/www.vupik.hr\/index.php?rest_route=\/wp\/v2\/pages"}],"about":[{"href":"https:\/\/www.vupik.hr\/index.php?rest_route=\/wp\/v2\/types\/page"}],"author":[{"embeddable":true,"href":"https:\/\/www.vupik.hr\/index.php?rest_route=\/wp\/v2\/users\/1"}],"replies":[{"embeddable":true,"href":"https:\/\/www.vupik.hr\/index.php?rest_route=%2Fwp%2Fv2%2Fcomments&post=22"}],"version-history":[{"count":65,"href":"https:\/\/www.vupik.hr\/index.php?rest_route=\/wp\/v2\/pages\/22\/revisions"}],"predecessor-version":[{"id":25153,"href":"https:\/\/www.vupik.hr\/index.php?rest_route=\/wp\/v2\/pages\/22\/revisions\/25153"}],"wp:attachment":[{"href":"https:\/\/www.vupik.hr\/index.php?rest_route=%2Fwp%2Fv2%2Fmedia&parent=22"}],"curies":[{"name":"wp","href":"https:\/\/api.w.org\/{rel}","templated":true}]}}