{"id":15652,"date":"2016-03-24T11:55:10","date_gmt":"2016-03-24T11:55:10","guid":{"rendered":"http:\/\/democontent.codex-themes.com\/thegem\/?page_id=15652"},"modified":"2026-03-18T14:46:01","modified_gmt":"2026-03-18T13:46:01","slug":"naslovnica-2","status":"publish","type":"page","link":"https:\/\/www.vupik.hr\/","title":{"rendered":"Naslovnica"},"content":{"rendered":"<p>[vc_row css=&#8221;.vc_custom_1634814318926{margin-bottom: 0px !important;}&#8221;][vc_column][vc_empty_space height=&#8221;100px&#8221;][vc_row_inner content_placement=&#8221;top&#8221; css=&#8221;.vc_custom_1553767489309{margin-top: -120px !important;margin-bottom: 0px !important;}&#8221;][vc_column_inner offset=&#8221;vc_col-lg-6&#8243;]<div class=\"clearboth\"><\/div><div class=\"gem-divider \" style=\"margin-top: 85px;\"><\/div>[vc_column_text]<\/p>\n<div class=\"title-h1\"><span class=\"light\" style=\"color: #056839;\">Dobrodo\u0161li<\/span><\/div>\n<p>[\/vc_column_text][vc_separator color=&#8221;custom&#8221; align=&#8221;align_left&#8221; border_width=&#8221;3&#8243; el_width=&#8221;10&#8243; accent_color=&#8221;#056839&#8243;]<div class=\"clearboth\"><\/div><div class=\"gem-divider \" style=\"margin-top: 30px;\"><\/div>[vc_column_text]<\/p>\n<div>Vupik sa sjedi\u0161tem u Vukovaru poljoprivrednom proizvodnjom se bavi vi\u0161e od 70 godina. Po\u010deci Vupika se\u017eu u 1945. godinu, a osnovan je s ciljem proizvodnje na podru\u010dju grada Vukovara i okolnih mjesta.<\/div>\n<p>[\/vc_column_text][\/vc_column_inner][vc_column_inner el_class=&#8221;styled1&#8243; width=&#8221;1\/3&#8243; css=&#8221;.vc_custom_1461146542706{background-color: #e8ebed !important;}&#8221; offset=&#8221;vc_col-lg-2&#8243;]<div class=\"clearboth\"><\/div><div class=\"gem-divider \" style=\"margin-top: 20px;\"><\/div><div class=\"centered-box\"><div class=\"gem-icon gem-icon-pack-fontawesome gem-icon-size-medium  gem-icon-shape-square gem-simple-icon\"  style=\"opacity: 1;\"><div class=\"gem-icon-inner\" style=\"\"><a href=\"http:\/\/www.vupik.hr\/?page_id=24702\" target=\"_self\"><span class=\"gem-icon-half-1\" style=\"color: #056839;\"><span class=\"back-angle\">&#xf06c;<\/span><\/span><span class=\"gem-icon-half-2\" style=\"color: #056839;\"><span class=\"back-angle\">&#xf06c;<\/span><\/span><\/a><\/div><\/div><\/div><div class=\"clearboth\"><\/div><div class=\"gem-divider \" style=\"margin-top: 10px;\"><\/div>[vc_column_text]<\/p>\n<div class=\"title-h6\" style=\"text-align: center;\"><a href=\"http:\/\/www.vupik.hr\/?page_id=24702\"><span class=\"light\">RATARSTVO I POVRTLARSTVO<\/span><\/a><\/div>\n<p>[\/vc_column_text]<div class=\"clearboth\"><\/div><div class=\"gem-divider \" style=\"margin-top: 60px;\"><\/div>[\/vc_column_inner][vc_column_inner el_class=&#8221;styled1&#8243; width=&#8221;1\/3&#8243; css=&#8221;.vc_custom_1461146553346{background-color: #dfe5e8 !important;}&#8221; offset=&#8221;vc_col-lg-2&#8243;]<div class=\"clearboth\"><\/div><div class=\"gem-divider \" style=\"margin-top: 20px;\"><\/div><div class=\"centered-box\"><div class=\"gem-icon gem-icon-pack-fontawesome gem-icon-size-medium  gem-icon-shape-square gem-simple-icon\"  style=\"opacity: 1;\"><div class=\"gem-icon-inner\" style=\"\"><a href=\"http:\/\/www.vupik.hr\/?page_id=24706\" target=\"_self\"><span class=\"gem-icon-half-1\" style=\"color: #056839;\"><span class=\"back-angle\">&#xf21a;<\/span><\/span><span class=\"gem-icon-half-2\" style=\"color: #056839;\"><span class=\"back-angle\">&#xf21a;<\/span><\/span><\/a><\/div><\/div><\/div><div class=\"clearboth\"><\/div><div class=\"gem-divider \" style=\"margin-top: 10px;\"><\/div>[vc_column_text]<\/p>\n<div class=\"title-h6\" style=\"text-align: center;\"><a href=\"http:\/\/www.vupik.hr\/?page_id=24706\"><span class=\"light\">PRETOVARNA LUKA<\/span><\/a><\/div>\n<p>[\/vc_column_text]<div class=\"clearboth\"><\/div><div class=\"gem-divider \" style=\"margin-top: 60px;\"><\/div>[\/vc_column_inner][vc_column_inner el_class=&#8221;styled1&#8243; width=&#8221;1\/3&#8243; css=&#8221;.vc_custom_1461146560944{background-color: #eef0f1 !important;}&#8221; offset=&#8221;vc_col-lg-2&#8243;]<div class=\"clearboth\"><\/div><div class=\"gem-divider \" style=\"margin-top: 20px;\"><\/div><div class=\"centered-box\"><div class=\"gem-icon gem-icon-pack-material gem-icon-size-medium  gem-icon-shape-square gem-simple-icon\"  style=\"opacity: 1;\"><div class=\"gem-icon-inner\" style=\"\"><a href=\"http:\/\/www.vupik.hr\/?page_id=24713\" target=\"_self\"><span class=\"gem-icon-half-1\" style=\"color: #056839;\"><span class=\"back-angle\">&#xf354;<\/span><\/span><span class=\"gem-icon-half-2\" style=\"color: #056839;\"><span class=\"back-angle\">&#xf354;<\/span><\/span><\/a><\/div><\/div><\/div><div class=\"clearboth\"><\/div><div class=\"gem-divider \" style=\"margin-top: 10px;\"><\/div>[vc_column_text]<\/p>\n<div class=\"title-h6\" style=\"text-align: center;\"><a href=\"http:\/\/www.vupik.hr\/?page_id=24713\"><span class=\"light\">VINOGRADARSTVO I VINARSTVO<\/span><\/a><\/div>\n<p>[\/vc_column_text]<div class=\"clearboth\"><\/div><div class=\"gem-divider \" style=\"margin-top: 60px;\"><\/div>[\/vc_column_inner][\/vc_row_inner][vc_row_inner el_class=&#8221;z-index&#8221; css=&#8221;.vc_custom_1461146682427{margin-top: -76px !important;}&#8221; el_id=&#8221;styled11&#8243;][vc_column_inner width=&#8221;1\/2&#8243; offset=&#8221;vc_hidden-md vc_hidden-sm vc_hidden-xs&#8221;][\/vc_column_inner][vc_column_inner el_class=&#8221;styled1&#8243; width=&#8221;1\/3&#8243; css=&#8221;.vc_custom_1461146569546{margin-top: -1px !important;background-color: #eef0f1 !important;}&#8221; offset=&#8221;vc_col-lg-2&#8243;]<div class=\"clearboth\"><\/div><div class=\"gem-divider \" style=\"margin-top: 20px;\"><\/div><div class=\"centered-box\"><div class=\"gem-icon gem-icon-pack-material gem-icon-size-medium  gem-icon-shape-square gem-simple-icon\"  style=\"opacity: 1;\"><div class=\"gem-icon-inner\" style=\"\"><a href=\"http:\/\/www.vupik.hr\/?page_id=24711\" target=\"_self\"><span class=\"gem-icon-half-1\" style=\"color: #056839;\"><span class=\"back-angle\">&#xf483;<\/span><\/span><span class=\"gem-icon-half-2\" style=\"color: #056839;\"><span class=\"back-angle\">&#xf483;<\/span><\/span><\/a><\/div><\/div><\/div><div class=\"clearboth\"><\/div><div class=\"gem-divider \" style=\"margin-top: 10px;\"><\/div>[vc_column_text]<\/p>\n<div class=\"title-h6\" style=\"text-align: center;\"><a href=\"http:\/\/www.vupik.hr\/?page_id=24711\"><span class=\"light\">SVINJOGOJSTVO<\/span><\/a><\/div>\n<p>[\/vc_column_text]<div class=\"clearboth\"><\/div><div class=\"gem-divider \" style=\"margin-top: 60px;\"><\/div>[\/vc_column_inner][vc_column_inner el_class=&#8221;styled1&#8243; width=&#8221;1\/3&#8243; css=&#8221;.vc_custom_1461146577378{margin-top: -1px !important;background-color: #e8ebed !important;}&#8221; offset=&#8221;vc_col-lg-2&#8243;]<div class=\"clearboth\"><\/div><div class=\"gem-divider \" style=\"margin-top: 20px;\"><\/div><div class=\"centered-box\"><div class=\"gem-icon gem-icon-pack-material gem-icon-size-medium  gem-icon-shape-square gem-simple-icon\"  style=\"opacity: 1;\"><div class=\"gem-icon-inner\" style=\"\"><a href=\"http:\/\/www.vupik.hr\/?page_id=24708\" target=\"_self\"><span class=\"gem-icon-half-1\" style=\"color: #056839;\"><span class=\"back-angle\">&#xf25c;<\/span><\/span><span class=\"gem-icon-half-2\" style=\"color: #056839;\"><span class=\"back-angle\">&#xf25c;<\/span><\/span><\/a><\/div><\/div><\/div><div class=\"clearboth\"><\/div><div class=\"gem-divider \" style=\"margin-top: 10px;\"><\/div>[vc_column_text]<\/p>\n<div class=\"title-h6\" style=\"text-align: center;\"><a href=\"http:\/\/www.vupik.hr\/?page_id=24708\"><span class=\"light\">GOVEDARSTVO<\/span><\/a><\/div>\n<p>[\/vc_column_text]<div class=\"clearboth\"><\/div><div class=\"gem-divider \" style=\"margin-top: 60px;\"><\/div>[\/vc_column_inner][\/vc_row_inner]<div class=\"clearboth\"><\/div><div class=\"gem-divider \" style=\"margin-top: -20px;margin-bottom: 40px;\"><\/div>[vc_row_inner css=&#8221;.vc_custom_1553850202696{background-color: #ffffff !important;}&#8221;][vc_column_inner width=&#8221;1\/2&#8243;][vc_separator color=&#8221;custom&#8221; align=&#8221;align_left&#8221; border_width=&#8221;3&#8243; el_width=&#8221;10&#8243; accent_color=&#8221;#056839&#8243;][vc_column_text]<\/p>\n<h2><\/h2>\n<h2><span class=\"light\" style=\"color: #056839;\">Misija i vizija<\/span><\/h2>\n<p>Konstantno podizati produktivnost i kvalitetu proizvodnje, te na taj na\u010din osigurati stvaranjem visokokvalitetnih primarnih sirovina koje \u0107e pridonjeti podizanju sigurnosti i kvalitete krajnjih proizvoda.<\/p>\n<p>Postati lider u poljoprivrednoj proizvodnji, usmjeren na kvalitetu proizvoda i zadovoljstvo zaposlenika i dru\u0161tvene zajednice.<\/p>\n<p>Ukoliko \u017eelite biti dio Vupikovog tima \u0161aljite nam Va\u0161e molbe i \u017eivotopise na:<\/p>\n<p><strong>ljudski.resursi@vupik.hr<\/strong><\/p>\n<p>&nbsp;[\/vc_column_text][\/vc_column_inner][vc_column_inner width=&#8221;1\/2&#8243;][vc_wp_posts number=&#8221;6&#8243; show_date=&#8221;1&#8243;][\/vc_column_inner][\/vc_row_inner]<div class=\"clearboth\"><\/div><div class=\"gem-divider \" style=\"margin-bottom: 40px;\"><\/div>[\/vc_column][\/vc_row]<\/p>\n","protected":false},"excerpt":{"rendered":"<p>[vc_row css=&#8221;.vc_custom_1634814318926{margin-bottom: 0px !important;}&#8221;][vc_column][vc_empty_space height=&#8221;100px&#8221;][vc_row_inner content_placement=&#8221;top&#8221; css=&#8221;.vc_custom_1553767489309{margin-top: -120px !important;margin-bottom: 0px !important;}&#8221;][vc_column_inner offset=&#8221;vc_col-lg-6&#8243;][vc_column_text] Dobrodo\u0161li [\/vc_column_text][vc_separator color=&#8221;custom&#8221; align=&#8221;align_left&#8221; border_width=&#8221;3&#8243; el_width=&#8221;10&#8243; accent_color=&#8221;#056839&#8243;][vc_column_text] Vupik sa sjedi\u0161tem u Vukovaru poljoprivrednom proizvodnjom se bavi vi\u0161e od 70 godina. Po\u010deci Vupika se\u017eu u 1945. godinu, a osnovan&#8230;<\/p>\n","protected":false},"author":1,"featured_media":0,"parent":0,"menu_order":0,"comment_status":"closed","ping_status":"closed","template":"","meta":{"footnotes":""},"class_list":["post-15652","page","type-page","status-publish"],"_links":{"self":[{"href":"https:\/\/www.vupik.hr\/index.php?rest_route=\/wp\/v2\/pages\/15652","targetHints":{"allow":["GET"]}}],"collection":[{"href":"https:\/\/www.vupik.hr\/index.php?rest_route=\/wp\/v2\/pages"}],"about":[{"href":"https:\/\/www.vupik.hr\/index.php?rest_route=\/wp\/v2\/types\/page"}],"author":[{"embeddable":true,"href":"https:\/\/www.vupik.hr\/index.php?rest_route=\/wp\/v2\/users\/1"}],"replies":[{"embeddable":true,"href":"https:\/\/www.vupik.hr\/index.php?rest_route=%2Fwp%2Fv2%2Fcomments&post=15652"}],"version-history":[{"count":121,"href":"https:\/\/www.vupik.hr\/index.php?rest_route=\/wp\/v2\/pages\/15652\/revisions"}],"predecessor-version":[{"id":25159,"href":"https:\/\/www.vupik.hr\/index.php?rest_route=\/wp\/v2\/pages\/15652\/revisions\/25159"}],"wp:attachment":[{"href":"https:\/\/www.vupik.hr\/index.php?rest_route=%2Fwp%2Fv2%2Fmedia&parent=15652"}],"curies":[{"name":"wp","href":"https:\/\/api.w.org\/{rel}","templated":true}]}}